{"id":3722,"date":"2021-11-30T21:29:13","date_gmt":"2021-11-30T21:29:13","guid":{"rendered":"https:\/\/gatineauvet.ca\/mises-a-jour-du-covid-19\/"},"modified":"2023-03-01T22:42:46","modified_gmt":"2023-03-01T22:42:46","slug":"mises-a-jour-du-covid-19","status":"publish","type":"page","link":"https:\/\/gatineauvet.ca\/fr\/mises-a-jour-du-covid-19\/","title":{"rendered":"Mises \u00e0 jour du COVID-19"},"content":{"rendered":"\n<div class=\"wp-block-cover alignfull page-header mb-5\" style=\"min-height:150px;aspect-ratio:unset;\"><span aria-hidden=\"true\" class=\"wp-block-cover__background has-tertiary-background-color has-background-dim-80 has-background-dim\"><\/span><img decoding=\"async\" class=\"wp-block-cover__image-background wp-image-1434\" alt=\"\" src=\"https:\/\/gatineauvet.ca\/wp-content\/uploads\/2022\/02\/colourful-cats-with-masks-covid-protocols.svg\" data-object-fit=\"cover\"\/><div class=\"wp-block-cover__inner-container is-layout-flow wp-block-cover-is-layout-flow\">\n<h1 class=\"has-white-color has-text-color wp-block-heading\" id=\"covid-19-updates\">Mises \u00e0 jour du COVID-19<\/h1>\n<\/div><\/div>\n\n<h2 class=\"has-primary-color has-text-color wp-block-heading\" id=\"updated-practice-procedures\">Proc\u00e9dures de pratique mises \u00e0 jour<\/h2>\n\n<p>\u00c0 la Clinique V\u00e9t\u00e9rinaire de la Gatineau, nous prenons tr\u00e8s au s\u00e9rieux la sant\u00e9 et le bien-\u00eatre de nos employ\u00e9s et de nos fid\u00e8les clients. En consultation avec nos \u00e9quipes m\u00e9dicales, nous avons mis en place les proc\u00e9dures suivantes pour les clients souhaitant accompagner leur(s) animal(aux) lors des rendez-vous :<\/p>\n\n<ul class=\"wp-block-list\">\n<li>Pour g\u00e9rer les capacit\u00e9s et maintenir la distance sociale, nous n&rsquo;accueillons qu&rsquo;<em>un seul client par rendez-vous<\/em> dans le cabinet, accompagn\u00e9 de son ou ses animaux.<\/li>\n\n\n\n<li>Nos protocoles rigoureux de nettoyage et de masquage sont permanents. Les clients devront porter un <em>masque de qualit\u00e9 m\u00e9dicale<\/em>, que nous nous ferons un plaisir de leur fournir si n\u00e9cessaire.  <\/li>\n\n\n\n<li>Nous <em>continuerons \u00e0 offrir des soins en bordure de rue et le ramassage des m\u00e9dicaments et des fournitures<\/em> pour les clients qui pr\u00e9f\u00e8rent ces services.  <\/li>\n\n\n\n<li>Dans le cadre de notre plan de r\u00e9ouverture, nous veillons \u00e0 ce que tout le personnel du cabinet soit enti\u00e8rement vaccin\u00e9 contre le COVID-19 ou subisse r\u00e9guli\u00e8rement un test rapide.  <\/li>\n\n\n\n<li>Comme toujours, nous demandons \u00e0 toute personne souffrant d&rsquo;un rhume ou de sympt\u00f4mes grippaux, tels que fi\u00e8vre, toux et difficult\u00e9s respiratoires, de rester chez elle jusqu&rsquo;\u00e0 ce que ces sympt\u00f4mes disparaissent.<\/li>\n<\/ul>\n\n<p>Pour les clients dans des circonstances particuli\u00e8res, comme un service d&rsquo;euthanasie, veuillez nous appeler afin que nous puissions faire de notre mieux pour r\u00e9pondre \u00e0 vos besoins avant votre rendez-vous.<\/p>\n\n<p>Conform\u00e9ment aux recommandations de notre organe directeur professionnel, la clinique doit modifier ses horaires et r\u00e9duire le nombre de patients vus chaque jour afin de limiter le risque de propagation du COVID-19. La clinique de Wakefield restera ouverte de 9 h \u00e0 17 h du lundi au jeudi et de 9 h \u00e0 14 h le vendredi. La clinique de Chelsea sera ouverte du lundi au vendredi de 9h \u00e0 17h. Si vous souhaitez acheter de la nourriture ou des m\u00e9dicaments, veuillez appeler \u00e0 l&rsquo;avance au 819-827-1665 (Chelsea) ou au 819-459-2146 (Wakefield) en ayant en main les renseignements relatifs \u00e0 votre carte de cr\u00e9dit.<\/p>\n\n<p class=\"mb-8\"><strong>Nous vous remercions de votre coop\u00e9ration et nous nous r\u00e9jouissons de vous voir !<\/strong><\/p>\n","protected":false},"excerpt":{"rendered":"<p>Proc\u00e9dures de pratique mises \u00e0 jour \u00c0 la Clinique V\u00e9t\u00e9rinaire de la Gatineau, nous prenons tr\u00e8s au s\u00e9rieux la sant\u00e9 et le bien-\u00eatre de nos employ\u00e9s et de nos fid\u00e8les clients. En consultation avec nos \u00e9quipes m\u00e9dicales, nous avons mis en place les proc\u00e9dures suivantes pour les clients souhaitant accompagner leur(s) animal(aux) lors des rendez-vous [&hellip;]<\/p>\n","protected":false},"author":3,"featured_media":0,"parent":0,"menu_order":0,"comment_status":"closed","ping_status":"closed","template":"","meta":{"_acf_changed":false,"inline_featured_image":false,"footnotes":""},"class_list":["post-3722","page","type-page","status-publish","hentry"],"acf":[],"_links":{"self":[{"href":"https:\/\/gatineauvet.ca\/fr\/wp-json\/wp\/v2\/pages\/3722","targetHints":{"allow":["GET"]}}],"collection":[{"href":"https:\/\/gatineauvet.ca\/fr\/wp-json\/wp\/v2\/pages"}],"about":[{"href":"https:\/\/gatineauvet.ca\/fr\/wp-json\/wp\/v2\/types\/page"}],"author":[{"embeddable":true,"href":"https:\/\/gatineauvet.ca\/fr\/wp-json\/wp\/v2\/users\/3"}],"replies":[{"embeddable":true,"href":"https:\/\/gatineauvet.ca\/fr\/wp-json\/wp\/v2\/comments?post=3722"}],"version-history":[{"count":2,"href":"https:\/\/gatineauvet.ca\/fr\/wp-json\/wp\/v2\/pages\/3722\/revisions"}],"predecessor-version":[{"id":3902,"href":"https:\/\/gatineauvet.ca\/fr\/wp-json\/wp\/v2\/pages\/3722\/revisions\/3902"}],"wp:attachment":[{"href":"https:\/\/gatineauvet.ca\/fr\/wp-json\/wp\/v2\/media?parent=3722"}],"curies":[{"name":"wp","href":"https:\/\/api.w.org\/{rel}","templated":true}]}}