{"id":3724,"date":"2022-11-04T18:42:39","date_gmt":"2022-11-04T18:42:39","guid":{"rendered":"https:\/\/gatineauvet.ca\/myvetstore\/"},"modified":"2023-02-15T22:17:27","modified_gmt":"2023-02-15T22:17:27","slug":"myvetstore","status":"publish","type":"page","link":"https:\/\/gatineauvet.ca\/fr\/myvetstore\/","title":{"rendered":"MyVetStore"},"content":{"rendered":"\n<div class=\"wp-block-cover alignfull has-parallax page-header mb-7\" style=\"min-height:150px;aspect-ratio:unset;\"><span aria-hidden=\"true\" class=\"wp-block-cover__background has-tertiary-background-color has-background-dim-80 has-background-dim\"><\/span><div role=\"img\" class=\"wp-block-cover__image-background wp-image-1476 has-parallax\" style=\"background-position:50% 50%;background-image:url(https:\/\/gatineauvet.ca\/wp-content\/uploads\/2022\/02\/paw-bone-background.svg)\"><\/div><div class=\"wp-block-cover__inner-container is-layout-flow wp-block-cover-is-layout-flow\">\n<h1 class=\"has-white-color has-text-color wp-block-heading\" id=\"about-us\">Services de soins pour animaux de compagnie : MyVetStore<\/h1>\n<\/div><\/div>\n\n\n\n<div class=\"wp-block-vc-blocks-img-text img-text mb-5 mt-4\"><div class=\"img-text__inner align-items-start\"><div class=\"img-text__media order-md-2 text-md-right\"><img loading=\"lazy\" decoding=\"async\" width=\"1600\" height=\"1000\" src=\"https:\/\/gatineauvet.ca\/wp-content\/uploads\/2022\/09\/gatineau-banners-01.jpg\" alt=\"\" class=\"wp-image-3306\" srcset=\"https:\/\/gatineauvet.ca\/wp-content\/uploads\/2022\/09\/gatineau-banners-01.jpg 1600w, https:\/\/gatineauvet.ca\/wp-content\/uploads\/2022\/09\/gatineau-banners-01-300x188.jpg 300w, https:\/\/gatineauvet.ca\/wp-content\/uploads\/2022\/09\/gatineau-banners-01-1024x640.jpg 1024w, https:\/\/gatineauvet.ca\/wp-content\/uploads\/2022\/09\/gatineau-banners-01-768x480.jpg 768w, https:\/\/gatineauvet.ca\/wp-content\/uploads\/2022\/09\/gatineau-banners-01-1536x960.jpg 1536w, https:\/\/gatineauvet.ca\/wp-content\/uploads\/2022\/09\/gatineau-banners-01-1568x980.jpg 1568w\" sizes=\"auto, (max-width: 1600px) 100vw, 1600px\" \/><\/div><div class=\"img-text__content\">\n<h2 class=\"has-primary-color has-text-color wp-block-heading\" id=\"we-care-for-you-and-yourcompanion\">Qu&rsquo;est-ce que MyVetStore ?<\/h2>\n\n\n\n<p>My VetStore est une boutique en ligne qui vous offre la possibilit\u00e9 de commander \u00e0 tout moment les produits recommand\u00e9s par votre v\u00e9t\u00e9rinaire pour une livraison \u00e0 domicile ou un enl\u00e8vement sur place. Il s&rsquo;agit notamment d&rsquo;aliments nourrissants pour satisfaire des besoins alimentaires sp\u00e9cifiques, de friandises, de liti\u00e8re, de lits, de jouets et bien plus encore.<br><br>Le magasin est reli\u00e9 \u00e0 nos cliniques afin que les aliments pour animaux que vous commandez puissent \u00eatre not\u00e9s dans le dossier m\u00e9dical de votre animal.  <br><br>Il existe \u00e9galement une option de commande automatique : vous n&rsquo;avez m\u00eame pas \u00e0 penser \u00e0 commander vos aliments pour animaux. Il se pr\u00e9sentera \u00e0 votre porte !<\/p>\n\n\n\n<p>Il est si facile de s&rsquo;inscrire, qu&rsquo;attendez-vous pour le faire ?  <\/p>\n\n\n\n<div class=\"wp-block-buttons mb-5 is-layout-flex wp-block-buttons-is-layout-flex\">\n<div class=\"wp-block-button\"><a class=\"wp-block-button__link has-primary-background-color has-background wp-element-button\" href=\"https:\/\/www.mavitrineveterinaire.ca\/cliniquevtrinairechelsea\">Magasin Chelsea<\/a><\/div>\n\n\n\n<div class=\"wp-block-button is-style-outline is-style-outline--1\"><a class=\"wp-block-button__link has-white-color has-tertiary-background-color has-text-color has-background wp-element-button\" href=\"https:\/\/www.mavitrineveterinaire.ca\/cliniquevtrinairewakefield\">Magasin de Wakefield<\/a><\/div>\n<\/div>\n<\/div><\/div><\/div>\n\n\n\n<div class=\"alignfull cta has-tertiary-background-color has-white-color\"><div class=\"container\"><div class=\"cta__content\"><h2 class=\"has-white-color\">For more information give us a call or email!<\/h2>\n<div class=\"wp-block-button is-style-outline is-style-outline--2\"><a class=\"wp-block-button__link has-white-color has-text-color wp-element-button\" href=\"https:\/\/gatineauvet.ca\/fr\/contact\/\" target=\"_blank\" rel=\"noreferrer noopener\">Nous contacter<\/a><\/div>\n<\/div><\/div><\/div>\n","protected":false},"excerpt":{"rendered":"","protected":false},"author":3,"featured_media":0,"parent":0,"menu_order":0,"comment_status":"closed","ping_status":"closed","template":"","meta":{"_acf_changed":false,"inline_featured_image":false,"footnotes":""},"class_list":["post-3724","page","type-page","status-publish","hentry"],"acf":[],"_links":{"self":[{"href":"https:\/\/gatineauvet.ca\/fr\/wp-json\/wp\/v2\/pages\/3724","targetHints":{"allow":["GET"]}}],"collection":[{"href":"https:\/\/gatineauvet.ca\/fr\/wp-json\/wp\/v2\/pages"}],"about":[{"href":"https:\/\/gatineauvet.ca\/fr\/wp-json\/wp\/v2\/types\/page"}],"author":[{"embeddable":true,"href":"https:\/\/gatineauvet.ca\/fr\/wp-json\/wp\/v2\/users\/3"}],"replies":[{"embeddable":true,"href":"https:\/\/gatineauvet.ca\/fr\/wp-json\/wp\/v2\/comments?post=3724"}],"version-history":[{"count":2,"href":"https:\/\/gatineauvet.ca\/fr\/wp-json\/wp\/v2\/pages\/3724\/revisions"}],"predecessor-version":[{"id":3795,"href":"https:\/\/gatineauvet.ca\/fr\/wp-json\/wp\/v2\/pages\/3724\/revisions\/3795"}],"wp:attachment":[{"href":"https:\/\/gatineauvet.ca\/fr\/wp-json\/wp\/v2\/media?parent=3724"}],"curies":[{"name":"wp","href":"https:\/\/api.w.org\/{rel}","templated":true}]}}