{"id":3725,"date":"2021-11-25T22:19:15","date_gmt":"2021-11-25T22:19:15","guid":{"rendered":"https:\/\/gatineauvet.ca\/ce-a-quoi-il-faut-sattendre\/"},"modified":"2023-03-05T01:33:24","modified_gmt":"2023-03-05T01:33:24","slug":"ce-a-quoi-il-faut-sattendre","status":"publish","type":"page","link":"https:\/\/gatineauvet.ca\/fr\/ce-a-quoi-il-faut-sattendre\/","title":{"rendered":"Ce \u00e0 quoi il faut s&rsquo;attendre"},"content":{"rendered":"\n<div class=\"wp-block-cover alignfull has-parallax page-header mb-7\" style=\"min-height:150px;aspect-ratio:unset;\"><span aria-hidden=\"true\" class=\"wp-block-cover__background has-tertiary-background-color has-background-dim-80 has-background-dim\"><\/span><div role=\"img\" class=\"wp-block-cover__image-background wp-image-1476 has-parallax\" style=\"background-position:50% 50%;background-image:url(https:\/\/gatineauvet.ca\/wp-content\/uploads\/2022\/02\/paw-bone-background.svg)\"><\/div><div class=\"wp-block-cover__inner-container is-layout-flow wp-block-cover-is-layout-flow\">\n<h1 class=\"has-white-color has-text-color wp-block-heading\" id=\"what-to-expect\">Ce \u00e0 quoi il faut s&rsquo;attendre<\/h1>\n<\/div><\/div>\n\n<h2 class=\"has-primary-color has-text-color wp-block-heading\" id=\"what-to-expect-during-your-visit\">Ce \u00e0 quoi vous devez vous attendre pendant votre visite<\/h2>\n\n<p>La Clinique V\u00e9t\u00e9rinaire des Collines de la Gatineau au Qu\u00e9bec dispose d&rsquo;une \u00e9quipe de professionnels v\u00e9t\u00e9rinaires experts qui vous apportent les meilleurs soins et services possibles pour vous et votre animal de compagnie. Nous disposons d&rsquo;un \u00e9tablissement v\u00e9t\u00e9rinaire ultramoderne, propre, confortable et efficace.  <\/p>\n\n<p>Si vous \u00eates un nouveau client, veuillez fournir les ant\u00e9c\u00e9dents m\u00e9dicaux de votre animal, y compris tout changement de comportement r\u00e9cent ou tout autre d\u00e9tail que vous jugez important. Pour prendre rendez-vous, veuillez commencer par remplir notre <a href=\"https:\/\/gatineauvet.ca\/fr\/?page_id=3712\">formulaire de nouveau client.<\/a><\/p>\n\n<p>Nous recommandons des contr\u00f4les annuels pour la sant\u00e9 et le bien-\u00eatre de votre animal. Cela comprend un examen physique complet au cours duquel notre \u00e9quipe de soins \u00e9valuera votre animal de la t\u00eate \u00e0 la queue. Cela peut inclure un nettoyage des dents et des gencives si n\u00e9cessaire.<\/p>\n\n<p>Un pr\u00e9avis de 24 heures est n\u00e9cessaire pour toute annulation ou reprogrammation de rendez-vous.<\/p>\n\n<h3 class=\"has-primary-color has-text-color has-medium-font-size wp-block-heading\">Options de paiement<\/h3>\n\n<ul class=\"wp-block-list\" style=\"font-size:18px\">\n<li>Nous acceptons les paiements par Visa, Mastercard, AMEX, d\u00e9bit direct ou esp\u00e8ces.<\/li>\n\n\n\n<li>Nous avons la facturation directe Trupanion Express.  <\/li>\n\n\n\n<li>Nous ne proposons pas de plans de paiement<\/li>\n\n\n\n<li class=\"mb-8\">Estimations disponibles sur demande<\/li>\n<\/ul>\n\n<div class=\"wp-block-cover alignfull\" style=\"min-height:400px;aspect-ratio:unset;\"><span aria-hidden=\"true\" class=\"wp-block-cover__background has-tertiary-background-color has-background-dim-10 has-background-dim\"><\/span><div class=\"wp-block-cover__inner-container is-layout-flow wp-block-cover-is-layout-flow\">\n<div class=\"wp-block-columns is-layout-flex wp-container-core-columns-is-layout-9d6595d7 wp-block-columns-is-layout-flex\">\n<div class=\"wp-block-column is-layout-flow wp-block-column-is-layout-flow\"><div class=\"wp-block-image is-style-default\">\n<figure class=\"aligncenter size-full is-resized\"><img loading=\"lazy\" decoding=\"async\" src=\"https:\/\/gatineauvet.ca\/wp-content\/uploads\/2022\/09\/blue-sky-icons-03.png\" alt=\"\" class=\"wp-image-3082\" width=\"150\" height=\"150\" srcset=\"https:\/\/gatineauvet.ca\/wp-content\/uploads\/2022\/09\/blue-sky-icons-03.png 418w, https:\/\/gatineauvet.ca\/wp-content\/uploads\/2022\/09\/blue-sky-icons-03-300x300.png 300w, https:\/\/gatineauvet.ca\/wp-content\/uploads\/2022\/09\/blue-sky-icons-03-150x150.png 150w\" sizes=\"auto, (max-width: 150px) 100vw, 150px\" \/><\/figure>\n<\/div>\n\n\n<p class=\"has-text-align-center has-primary-color has-text-color has-medium-font-size\"><strong>Formulaires  <\/strong><\/p>\n\n\n\n<p class=\"has-text-align-center mb-3\" style=\"font-size:18px\"><a data-type=\"page\" data-id=\"62\" href=\"https:\/\/gatineauvet.ca\/fr\/contact\/\">Formulaire de contact<\/a><br\/><br\/><br\/><\/p>\n<\/div>\n\n\n\n<div class=\"wp-block-column is-layout-flow wp-block-column-is-layout-flow\"><div class=\"wp-block-image\">\n<figure class=\"aligncenter size-full is-resized\"><img loading=\"lazy\" decoding=\"async\" src=\"https:\/\/gatineauvet.ca\/wp-content\/uploads\/2022\/09\/blue-sky-icons-02.png\" alt=\"\" class=\"wp-image-3081\" width=\"150\" height=\"150\" srcset=\"https:\/\/gatineauvet.ca\/wp-content\/uploads\/2022\/09\/blue-sky-icons-02.png 417w, https:\/\/gatineauvet.ca\/wp-content\/uploads\/2022\/09\/blue-sky-icons-02-300x300.png 300w, https:\/\/gatineauvet.ca\/wp-content\/uploads\/2022\/09\/blue-sky-icons-02-150x150.png 150w\" sizes=\"auto, (max-width: 150px) 100vw, 150px\" \/><\/figure>\n<\/div>\n\n\n<p class=\"has-text-align-center has-primary-color has-text-color has-medium-font-size\"><strong>COVID-19<\/strong><\/p>\n\n\n\n<p class=\"has-text-align-center has-dark-color has-text-color\" style=\"font-size:18px\">Lire notre <a href=\"https:\/\/gatineauvet.ca\/fr\/mises-a-jour-du-covid-19\/\"><span class=\"has-inline-color has-primary-color\">Protocoles COVID-19<\/span> <\/a> <br\/>avant votre prochaine visite.  <\/p>\n<\/div>\n\n\n\n<div class=\"wp-block-column is-layout-flow wp-block-column-is-layout-flow\"><div class=\"wp-block-image\">\n<figure class=\"aligncenter size-full is-resized\"><img loading=\"lazy\" decoding=\"async\" src=\"https:\/\/gatineauvet.ca\/wp-content\/uploads\/2022\/09\/blue-sky-icons-05.png\" alt=\"\" class=\"wp-image-3084\" width=\"150\" height=\"150\" srcset=\"https:\/\/gatineauvet.ca\/wp-content\/uploads\/2022\/09\/blue-sky-icons-05.png 417w, https:\/\/gatineauvet.ca\/wp-content\/uploads\/2022\/09\/blue-sky-icons-05-300x300.png 300w, https:\/\/gatineauvet.ca\/wp-content\/uploads\/2022\/09\/blue-sky-icons-05-150x150.png 150w\" sizes=\"auto, (max-width: 150px) 100vw, 150px\" \/><\/figure>\n<\/div>\n\n\n<p class=\"has-text-align-center has-primary-color has-text-color has-medium-font-size\"><strong>Rencontrez notre \u00e9quipe<\/strong><\/p>\n\n\n\n<p class=\"has-text-align-center has-dark-color has-text-color\" style=\"font-size:18px\">Voir notre<a href=\"https:\/\/gatineauvet.ca\/fr\/notre-equipe\/\">\n  <mark style=\"background-color:rgba(0, 0, 0, 0)\" class=\"has-inline-color has-primary-color\">page d&rsquo;\u00e9quipe<\/mark>\n<\/a>pour en savoir plus sur notre personnel d\u00e9vou\u00e9<\/p>\n<\/div>\n\n\n\n<div class=\"wp-block-column is-layout-flow wp-block-column-is-layout-flow\"><div class=\"wp-block-image\">\n<figure class=\"aligncenter size-full is-resized\"><img loading=\"lazy\" decoding=\"async\" src=\"https:\/\/gatineauvet.ca\/wp-content\/uploads\/2022\/09\/blue-sky-icons-01.png\" alt=\"\" class=\"wp-image-3080\" width=\"150\" height=\"150\" srcset=\"https:\/\/gatineauvet.ca\/wp-content\/uploads\/2022\/09\/blue-sky-icons-01.png 417w, https:\/\/gatineauvet.ca\/wp-content\/uploads\/2022\/09\/blue-sky-icons-01-300x300.png 300w, https:\/\/gatineauvet.ca\/wp-content\/uploads\/2022\/09\/blue-sky-icons-01-150x150.png 150w\" sizes=\"auto, (max-width: 150px) 100vw, 150px\" \/><\/figure>\n<\/div>\n\n\n<p class=\"has-text-align-center has-primary-color has-text-color has-medium-font-size\"><strong>Nos services<\/strong><\/p>\n\n\n\n<p class=\"has-text-align-center has-dark-color has-text-color\" style=\"font-size:18px\">Vous pouvez <a href=\"https:\/\/gatineauvet.ca\/fr\/contact\/\" data-type=\"page\" data-id=\"62\">nous contacter<\/a> pour toute question concernant notre h\u00f4pital et nos services.<br\/><\/p>\n<\/div>\n<\/div>\n<\/div><\/div>\n\n<div class=\"alignfull cta has-tertiary-background-color has-white-color\"><div class=\"container\"><div class=\"cta__content\"><h2 class=\"has-white-color\">We look forward to welcoming you!<\/h2>\n<div class=\"wp-block-button is-style-outline is-style-outline--1\"><a class=\"wp-block-button__link has-white-color has-text-color wp-element-button\" href=\"https:\/\/gatineauvet.ca\/fr\/contact\/\">Voir l&#8217;emplacement et les heures d&rsquo;ouverture<\/a><\/div>\n<\/div><\/div><\/div>\n","protected":false},"excerpt":{"rendered":"<p>Ce \u00e0 quoi vous devez vous attendre pendant votre visite La Clinique V\u00e9t\u00e9rinaire des Collines de la Gatineau au Qu\u00e9bec dispose d&rsquo;une \u00e9quipe de professionnels v\u00e9t\u00e9rinaires experts qui vous apportent les meilleurs soins et services possibles pour vous et votre animal de compagnie. Nous disposons d&rsquo;un \u00e9tablissement v\u00e9t\u00e9rinaire ultramoderne, propre, confortable et efficace. Si vous [&hellip;]<\/p>\n","protected":false},"author":3,"featured_media":0,"parent":0,"menu_order":0,"comment_status":"closed","ping_status":"closed","template":"","meta":{"_acf_changed":false,"inline_featured_image":false,"footnotes":""},"class_list":["post-3725","page","type-page","status-publish","hentry"],"acf":[],"_links":{"self":[{"href":"https:\/\/gatineauvet.ca\/fr\/wp-json\/wp\/v2\/pages\/3725","targetHints":{"allow":["GET"]}}],"collection":[{"href":"https:\/\/gatineauvet.ca\/fr\/wp-json\/wp\/v2\/pages"}],"about":[{"href":"https:\/\/gatineauvet.ca\/fr\/wp-json\/wp\/v2\/types\/page"}],"author":[{"embeddable":true,"href":"https:\/\/gatineauvet.ca\/fr\/wp-json\/wp\/v2\/users\/3"}],"replies":[{"embeddable":true,"href":"https:\/\/gatineauvet.ca\/fr\/wp-json\/wp\/v2\/comments?post=3725"}],"version-history":[{"count":8,"href":"https:\/\/gatineauvet.ca\/fr\/wp-json\/wp\/v2\/pages\/3725\/revisions"}],"predecessor-version":[{"id":3910,"href":"https:\/\/gatineauvet.ca\/fr\/wp-json\/wp\/v2\/pages\/3725\/revisions\/3910"}],"wp:attachment":[{"href":"https:\/\/gatineauvet.ca\/fr\/wp-json\/wp\/v2\/media?parent=3725"}],"curies":[{"name":"wp","href":"https:\/\/api.w.org\/{rel}","templated":true}]}}