{"id":3727,"date":"2021-07-19T04:34:25","date_gmt":"2021-07-19T04:34:25","guid":{"rendered":"https:\/\/gatineauvet.ca\/services\/"},"modified":"2023-02-15T23:53:58","modified_gmt":"2023-02-15T23:53:58","slug":"services","status":"publish","type":"page","link":"https:\/\/gatineauvet.ca\/fr\/services\/","title":{"rendered":"Services"},"content":{"rendered":"\n<div class=\"wp-block-cover alignfull has-parallax page-header mb-7\" style=\"min-height:150px;aspect-ratio:unset;\"><span aria-hidden=\"true\" class=\"wp-block-cover__background has-tertiary-background-color has-background-dim-90 has-background-dim\"><\/span><div role=\"img\" class=\"wp-block-cover__image-background wp-image-1476 has-parallax\" style=\"background-position:50% 50%;background-image:url(https:\/\/gatineauvet.ca\/wp-content\/uploads\/2022\/02\/paw-bone-background.svg)\"><\/div><div class=\"wp-block-cover__inner-container is-layout-flow wp-block-cover-is-layout-flow\">\n<h1 class=\"wp-block-heading\" id=\"services\">Services<\/h1>\n<\/div><\/div>\n\n\n\n<h2 class=\"has-text-align-center mb-4 has-primary-color has-text-color wp-block-heading\" id=\"our-services\">Nos services<\/h2>\n\n\n\n<p class=\"has-text-align-center\">Notre \u00e9quipe s&rsquo;efforcera de r\u00e9pondre \u00e0 toutes les demandes sp\u00e9ciales au mieux de ses possibilit\u00e9s. En cas d&rsquo;urgence, veuillez nous appeler.  <br>avant de venir afin que nous puissions nous pr\u00e9parer \u00e0 votre arriv\u00e9e.<\/p>\n\n\n\n<p class=\"has-text-align-center mb-6\">La Clinique v\u00e9t\u00e9rinaire des collines de la Gatineau accepte les paiements par Visa, Mastercard, d\u00e9bit direct ou en esp\u00e8ces.<\/p>\n\n\n\n<div class=\"wp-block-vc-blocks-cards vc-cards vc-cards--center info-cards\"><div class=\"row row-cols-1 row-cols-md-2 row-cols-lg-3\">\n<div class=\"wp-block-vc-blocks-card col mb-4\"><div class=\"card activateOverlay\"><img loading=\"lazy\" decoding=\"async\" width=\"1081\" height=\"1081\" src=\"https:\/\/gatineauvet.ca\/wp-content\/uploads\/2022\/09\/gatineau-cat-being-inspected.jpg\" alt=\"\" class=\"wp-image-3343\" srcset=\"https:\/\/gatineauvet.ca\/wp-content\/uploads\/2022\/09\/gatineau-cat-being-inspected.jpg 1081w, https:\/\/gatineauvet.ca\/wp-content\/uploads\/2022\/09\/gatineau-cat-being-inspected-300x300.jpg 300w, https:\/\/gatineauvet.ca\/wp-content\/uploads\/2022\/09\/gatineau-cat-being-inspected-1024x1024.jpg 1024w, https:\/\/gatineauvet.ca\/wp-content\/uploads\/2022\/09\/gatineau-cat-being-inspected-150x150.jpg 150w, https:\/\/gatineauvet.ca\/wp-content\/uploads\/2022\/09\/gatineau-cat-being-inspected-768x768.jpg 768w\" sizes=\"auto, (max-width: 1081px) 100vw, 1081px\" \/><div class=\"card-content wp-block-vc-blocks-card col \"><div style=\"--overlayDimRatio:0.29\" class=\"has-dark-background-color backgroundOverlay\"><\/div><div class=\"card-body\">\n<h3 class=\"has-text-align-center has-white-color has-text-color wp-block-heading\">Soins de bien-\u00eatre<\/h3>\n\n\n\n<p class=\"has-text-align-center has-white-color has-text-color\">Les contr\u00f4les de sant\u00e9 de routine peuvent aider \u00e0 diagnostiquer, traiter ou pr\u00e9venir des probl\u00e8mes de sant\u00e9. Nous pensons que la pr\u00e9vention est le meilleur rem\u00e8de \u00e0 la plupart des maux. Cela signifie des contr\u00f4les et des vaccinations r\u00e9guliers pour garder votre animal en pleine forme.<\/p>\n\n\n\n<div class=\"wp-block-button aligncenter\"><a class=\"wp-block-button__link has-white-color has-tertiary-background-color has-text-color has-background wp-element-button\" href=\"https:\/\/gatineauvet.ca\/fr\/vc_service\/soins-de-bien-etre-de-routine\/\">En savoir plus<\/a><\/div>\n<\/div><\/div><\/div><\/div>\n\n\n\n<div class=\"wp-block-vc-blocks-card col mb-4\"><div class=\"card activateOverlay\"><img loading=\"lazy\" decoding=\"async\" width=\"1081\" height=\"1081\" src=\"https:\/\/gatineauvet.ca\/wp-content\/uploads\/2022\/09\/gatineau-dog-eying-pie.jpg\" alt=\"\" class=\"wp-image-3323\" srcset=\"https:\/\/gatineauvet.ca\/wp-content\/uploads\/2022\/09\/gatineau-dog-eying-pie.jpg 1081w, https:\/\/gatineauvet.ca\/wp-content\/uploads\/2022\/09\/gatineau-dog-eying-pie-300x300.jpg 300w, https:\/\/gatineauvet.ca\/wp-content\/uploads\/2022\/09\/gatineau-dog-eying-pie-1024x1024.jpg 1024w, https:\/\/gatineauvet.ca\/wp-content\/uploads\/2022\/09\/gatineau-dog-eying-pie-150x150.jpg 150w, https:\/\/gatineauvet.ca\/wp-content\/uploads\/2022\/09\/gatineau-dog-eying-pie-768x768.jpg 768w\" sizes=\"auto, (max-width: 1081px) 100vw, 1081px\" \/><div class=\"card-content wp-block-vc-blocks-card col \"><div style=\"--overlayDimRatio:0.29\" class=\"has-dark-background-color backgroundOverlay\"><\/div><div class=\"card-body\">\n<h3 class=\"has-text-align-center has-white-color has-text-color wp-block-heading\">Nutrition et gestion du poids<\/h3>\n\n\n\n<p class=\"has-text-align-center has-white-color has-text-color\">Une alimentation \u00e9quilibr\u00e9e est un \u00e9l\u00e9ment essentiel de la sant\u00e9 et du bonheur d&rsquo;un animal de compagnie. Notre \u00e9quipe est form\u00e9e pour vous aider et vous guider dans la s\u00e9lection de choix sains et b\u00e9n\u00e9fiques pour votre animal, quels que soient ses besoins particuliers.<\/p>\n\n\n\n<div class=\"wp-block-button aligncenter\"><a class=\"wp-block-button__link has-white-color has-tertiary-background-color has-text-color has-background wp-element-button\" href=\"https:\/\/gatineauvet.ca\/fr\/vc_service\/nutrition-et-gestion-du-poids\/\">En savoir plus<\/a><\/div>\n<\/div><\/div><\/div><\/div>\n\n\n\n<div class=\"wp-block-vc-blocks-card col mb-4\"><div class=\"card activateOverlay\"><img loading=\"lazy\" decoding=\"async\" width=\"1081\" height=\"1081\" src=\"https:\/\/gatineauvet.ca\/wp-content\/uploads\/2022\/09\/gatineau-dog-suspended-in-blanket.jpg\" alt=\"\" class=\"wp-image-3333\" srcset=\"https:\/\/gatineauvet.ca\/wp-content\/uploads\/2022\/09\/gatineau-dog-suspended-in-blanket.jpg 1081w, https:\/\/gatineauvet.ca\/wp-content\/uploads\/2022\/09\/gatineau-dog-suspended-in-blanket-300x300.jpg 300w, https:\/\/gatineauvet.ca\/wp-content\/uploads\/2022\/09\/gatineau-dog-suspended-in-blanket-1024x1024.jpg 1024w, https:\/\/gatineauvet.ca\/wp-content\/uploads\/2022\/09\/gatineau-dog-suspended-in-blanket-150x150.jpg 150w, https:\/\/gatineauvet.ca\/wp-content\/uploads\/2022\/09\/gatineau-dog-suspended-in-blanket-768x768.jpg 768w\" sizes=\"auto, (max-width: 1081px) 100vw, 1081px\" \/><div class=\"card-content wp-block-vc-blocks-card col \"><div style=\"--overlayDimRatio:0.29\" class=\"has-dark-background-color backgroundOverlay\"><\/div><div class=\"card-body\">\n<h3 class=\"has-text-align-center has-white-color has-text-color wp-block-heading\">Chirurgie<\/h3>\n\n\n\n<p class=\"has-text-align-center has-white-color has-text-color\">Nous proposons de nombreux services chirurgicaux dans notre clinique, notamment des st\u00e9rilisations de routine et des chirurgies des tissus mous. Une intervention chirurgicale peut apporter \u00e0 votre animal aide et confort tout en r\u00e9duisant le risque de maladies et de changements de personnalit\u00e9.<\/p>\n\n\n\n<div class=\"wp-block-button aligncenter\"><a class=\"wp-block-button__link has-white-color has-tertiary-background-color has-text-color has-background wp-element-button\" href=\"https:\/\/gatineauvet.ca\/fr\/vc_service\/chirurgie\/\">En savoir plus<\/a><\/div>\n<\/div><\/div><\/div><\/div>\n\n\n\n<div class=\"wp-block-vc-blocks-card col mb-4\"><div class=\"card activateOverlay\"><img loading=\"lazy\" decoding=\"async\" width=\"1081\" height=\"1081\" src=\"https:\/\/gatineauvet.ca\/wp-content\/uploads\/2022\/09\/gatineau-cat-showing-teeth.jpg\" alt=\"\" class=\"wp-image-3317\" srcset=\"https:\/\/gatineauvet.ca\/wp-content\/uploads\/2022\/09\/gatineau-cat-showing-teeth.jpg 1081w, https:\/\/gatineauvet.ca\/wp-content\/uploads\/2022\/09\/gatineau-cat-showing-teeth-300x300.jpg 300w, https:\/\/gatineauvet.ca\/wp-content\/uploads\/2022\/09\/gatineau-cat-showing-teeth-1024x1024.jpg 1024w, https:\/\/gatineauvet.ca\/wp-content\/uploads\/2022\/09\/gatineau-cat-showing-teeth-150x150.jpg 150w, https:\/\/gatineauvet.ca\/wp-content\/uploads\/2022\/09\/gatineau-cat-showing-teeth-768x768.jpg 768w\" sizes=\"auto, (max-width: 1081px) 100vw, 1081px\" \/><div class=\"card-content wp-block-vc-blocks-card col \"><div style=\"--overlayDimRatio:0.29\" class=\"has-dark-background-color backgroundOverlay\"><\/div><div class=\"card-body\">\n<h3 class=\"has-text-align-center has-white-color has-text-color wp-block-heading\">Dentisterie<\/h3>\n\n\n\n<p class=\"has-text-align-center has-white-color has-text-color\">La sant\u00e9 dentaire est une composante essentielle de l&rsquo;\u00e9tat de sant\u00e9 g\u00e9n\u00e9ral de votre animal. Nous proposons des soins dentaires complets, allant des nettoyages de routine et des radiographies dentaires aux extractions, si n\u00e9cessaire.<\/p>\n\n\n\n<div class=\"wp-block-button aligncenter\"><a class=\"wp-block-button__link has-white-color has-tertiary-background-color has-text-color has-background wp-element-button\" href=\"https:\/\/gatineauvet.ca\/fr\/vc_service\/dentisterie\/\">En savoir plus<\/a><\/div>\n<\/div><\/div><\/div><\/div>\n\n\n\n<div class=\"wp-block-vc-blocks-card col mb-4\"><div class=\"card activateOverlay\"><img loading=\"lazy\" decoding=\"async\" width=\"1081\" height=\"1081\" src=\"https:\/\/gatineauvet.ca\/wp-content\/uploads\/2022\/09\/gatineau-dog-standing-in-road.jpg\" alt=\"\" class=\"wp-image-3332\" srcset=\"https:\/\/gatineauvet.ca\/wp-content\/uploads\/2022\/09\/gatineau-dog-standing-in-road.jpg 1081w, https:\/\/gatineauvet.ca\/wp-content\/uploads\/2022\/09\/gatineau-dog-standing-in-road-300x300.jpg 300w, https:\/\/gatineauvet.ca\/wp-content\/uploads\/2022\/09\/gatineau-dog-standing-in-road-1024x1024.jpg 1024w, https:\/\/gatineauvet.ca\/wp-content\/uploads\/2022\/09\/gatineau-dog-standing-in-road-150x150.jpg 150w, https:\/\/gatineauvet.ca\/wp-content\/uploads\/2022\/09\/gatineau-dog-standing-in-road-768x768.jpg 768w\" sizes=\"auto, (max-width: 1081px) 100vw, 1081px\" \/><div class=\"card-content wp-block-vc-blocks-card col \"><div style=\"--overlayDimRatio:0.29\" class=\"has-dark-background-color backgroundOverlay\"><\/div><div class=\"card-body\">\n<h3 class=\"has-text-align-center has-white-color has-text-color wp-block-heading\">Implants de micro-puces<\/h3>\n\n\n\n<p class=\"has-text-align-center has-white-color has-text-color\">Des milliers d&rsquo;animaux domestiques se perdent chaque jour, et l&rsquo;identification par micropuce est le seul moyen fiable de r\u00e9unir ces animaux perdus avec leurs propri\u00e9taires. Si votre animal se perd, les centres de soins pour animaux peuvent lui faire passer un scanner pour d\u00e9tecter une puce \u00e9lectronique. Ensuite, ils peuvent acc\u00e9der au registre correspondant pour voir vos coordonn\u00e9es.<\/p>\n\n\n\n<div class=\"wp-block-button aligncenter\"><a class=\"wp-block-button__link has-white-color has-tertiary-background-color has-text-color has-background wp-element-button\" href=\"https:\/\/gatineauvet.ca\/fr\/vc_service\/implants-de-micro-puces\/\">En savoir plus<\/a><\/div>\n<\/div><\/div><\/div><\/div>\n\n\n\n<div class=\"wp-block-vc-blocks-card col mb-4\"><div class=\"card activateOverlay\"><img loading=\"lazy\" decoding=\"async\" width=\"1081\" height=\"1081\" src=\"https:\/\/gatineauvet.ca\/wp-content\/uploads\/2022\/09\/gatineau-suprised-cat.jpg\" alt=\"\" class=\"wp-image-3342\" srcset=\"https:\/\/gatineauvet.ca\/wp-content\/uploads\/2022\/09\/gatineau-suprised-cat.jpg 1081w, https:\/\/gatineauvet.ca\/wp-content\/uploads\/2022\/09\/gatineau-suprised-cat-300x300.jpg 300w, https:\/\/gatineauvet.ca\/wp-content\/uploads\/2022\/09\/gatineau-suprised-cat-1024x1024.jpg 1024w, https:\/\/gatineauvet.ca\/wp-content\/uploads\/2022\/09\/gatineau-suprised-cat-150x150.jpg 150w, https:\/\/gatineauvet.ca\/wp-content\/uploads\/2022\/09\/gatineau-suprised-cat-768x768.jpg 768w\" sizes=\"auto, (max-width: 1081px) 100vw, 1081px\" \/><div class=\"card-content wp-block-vc-blocks-card col \"><div style=\"--overlayDimRatio:0.29\" class=\"has-dark-background-color backgroundOverlay\"><\/div><div class=\"card-body\">\n<h3 class=\"has-text-align-center has-white-color has-text-color wp-block-heading\">Diagnostics<\/h3>\n\n\n\n<p class=\"has-text-align-center has-white-color has-text-color\">Nous sommes fiers de fournir des services de diagnostic et de laboratoire pour r\u00e9pondre \u00e0 tous les besoins de sant\u00e9 et de bien-\u00eatre de votre animal. Avec un laboratoire complet sur place, nous pouvons obtenir des r\u00e9sultats rapidement afin de poser un diagnostic rapide et pr\u00e9cis.<\/p>\n\n\n\n<div class=\"wp-block-button aligncenter\"><a class=\"wp-block-button__link has-white-color has-tertiary-background-color has-text-color has-background wp-element-button\" href=\"https:\/\/gatineauvet.ca\/fr\/vc_service\/diagnostics\/\">En savoir plus<\/a><\/div>\n<\/div><\/div><\/div><\/div>\n\n\n\n<div class=\"wp-block-vc-blocks-card col mb-4\"><div class=\"card activateOverlay\"><img loading=\"lazy\" decoding=\"async\" width=\"1080\" height=\"1080\" src=\"https:\/\/gatineauvet.ca\/wp-content\/uploads\/2022\/09\/gatineau-kitten-with-toys.jpg\" alt=\"\" class=\"wp-image-3341\" srcset=\"https:\/\/gatineauvet.ca\/wp-content\/uploads\/2022\/09\/gatineau-kitten-with-toys.jpg 1080w, https:\/\/gatineauvet.ca\/wp-content\/uploads\/2022\/09\/gatineau-kitten-with-toys-300x300.jpg 300w, https:\/\/gatineauvet.ca\/wp-content\/uploads\/2022\/09\/gatineau-kitten-with-toys-1024x1024.jpg 1024w, https:\/\/gatineauvet.ca\/wp-content\/uploads\/2022\/09\/gatineau-kitten-with-toys-150x150.jpg 150w, https:\/\/gatineauvet.ca\/wp-content\/uploads\/2022\/09\/gatineau-kitten-with-toys-768x768.jpg 768w\" sizes=\"auto, (max-width: 1080px) 100vw, 1080px\" \/><div class=\"card-content wp-block-vc-blocks-card col \"><div style=\"--overlayDimRatio:0.29\" class=\"has-dark-background-color backgroundOverlay\"><\/div><div class=\"card-body\">\n<h3 class=\"has-text-align-center has-white-color has-text-color wp-block-heading\">Pharmacie<\/h3>\n\n\n\n<p class=\"has-text-align-center has-white-color has-text-color\">Notre pharmacie sur place vous permet d&rsquo;acc\u00e9der facilement aux m\u00e9dicaments th\u00e9rapeutiques dont votre animal a besoin. Nous avons \u00e9galement en stock de nombreux produits sp\u00e9cialis\u00e9s non prescrits, tels que des nettoyeurs d&rsquo;oreilles, des nettoyeurs pour le visage et les yeux, etc.  <\/p>\n\n\n\n<div class=\"wp-block-button aligncenter\"><a class=\"wp-block-button__link has-white-color has-tertiary-background-color has-text-color has-background wp-element-button\" href=\"https:\/\/gatineauvet.ca\/fr\/vc_service\/pharmacie\/\">En savoir plus<\/a><\/div>\n<\/div><\/div><\/div><\/div>\n\n\n\n<div class=\"wp-block-vc-blocks-card col mb-4\"><div class=\"card activateOverlay\"><img loading=\"lazy\" decoding=\"async\" width=\"1081\" height=\"1080\" src=\"https:\/\/gatineauvet.ca\/wp-content\/uploads\/2022\/09\/gatineau-elderly-with-dog.jpg\" alt=\"\" class=\"wp-image-3336\" srcset=\"https:\/\/gatineauvet.ca\/wp-content\/uploads\/2022\/09\/gatineau-elderly-with-dog.jpg 1081w, https:\/\/gatineauvet.ca\/wp-content\/uploads\/2022\/09\/gatineau-elderly-with-dog-300x300.jpg 300w, https:\/\/gatineauvet.ca\/wp-content\/uploads\/2022\/09\/gatineau-elderly-with-dog-1024x1024.jpg 1024w, https:\/\/gatineauvet.ca\/wp-content\/uploads\/2022\/09\/gatineau-elderly-with-dog-150x150.jpg 150w, https:\/\/gatineauvet.ca\/wp-content\/uploads\/2022\/09\/gatineau-elderly-with-dog-768x767.jpg 768w\" sizes=\"auto, (max-width: 1081px) 100vw, 1081px\" \/><div class=\"card-content wp-block-vc-blocks-card col \"><div style=\"--overlayDimRatio:0.29\" class=\"has-dark-background-color backgroundOverlay\"><\/div><div class=\"card-body\">\n<h3 class=\"has-text-align-center has-white-color has-text-color wp-block-heading\">Soins de fin de vie<\/h3>\n\n\n\n<p class=\"has-text-align-center has-white-color has-text-color\">Dans les semaines et les jours \u00e0 venir, vous disposerez de toutes les informations n\u00e9cessaires pour assurer le confort de votre animal. L&rsquo;utilisation d&rsquo;analg\u00e9siques, des changements de r\u00e9gime alimentaire si n\u00e9cessaire et des soins compatissants att\u00e9nueront la douleur de votre animal et offriront \u00e0 votre foyer des derniers souvenirs dignes et paisibles.<\/p>\n\n\n\n<div class=\"wp-block-button aligncenter\"><a class=\"wp-block-button__link has-white-color has-tertiary-background-color has-text-color has-background wp-element-button\" href=\"https:\/\/gatineauvet.ca\/fr\/vc_service\/soins-de-fin-de-vie\/\">En savoir plus<\/a><\/div>\n<\/div><\/div><\/div><\/div>\n\n\n\n<div class=\"wp-block-vc-blocks-card col mb-4\"><div class=\"card activateOverlay\"><img loading=\"lazy\" decoding=\"async\" width=\"1081\" height=\"1081\" src=\"https:\/\/gatineauvet.ca\/wp-content\/uploads\/2022\/09\/gatineau-dog-on-floor.jpg\" alt=\"\" class=\"wp-image-3329\" srcset=\"https:\/\/gatineauvet.ca\/wp-content\/uploads\/2022\/09\/gatineau-dog-on-floor.jpg 1081w, https:\/\/gatineauvet.ca\/wp-content\/uploads\/2022\/09\/gatineau-dog-on-floor-300x300.jpg 300w, https:\/\/gatineauvet.ca\/wp-content\/uploads\/2022\/09\/gatineau-dog-on-floor-1024x1024.jpg 1024w, https:\/\/gatineauvet.ca\/wp-content\/uploads\/2022\/09\/gatineau-dog-on-floor-150x150.jpg 150w, https:\/\/gatineauvet.ca\/wp-content\/uploads\/2022\/09\/gatineau-dog-on-floor-768x768.jpg 768w\" sizes=\"auto, (max-width: 1081px) 100vw, 1081px\" \/><div class=\"card-content wp-block-vc-blocks-card col \"><div style=\"--overlayDimRatio:0.29\" class=\"has-dark-background-color backgroundOverlay\"><\/div><div class=\"card-body\">\n<h3 class=\"has-text-align-center has-white-color has-text-color wp-block-heading\">Urgences<\/h3>\n\n\n\n<p class=\"has-text-align-center has-white-color has-text-color\">Nous sommes l\u00e0 pour vous soutenir en cas de besoin pendant que les cliniques sont ouvertes.<\/p>\n\n\n\n<div class=\"wp-block-button aligncenter\"><a class=\"wp-block-button__link has-white-color has-tertiary-background-color has-text-color has-background wp-element-button\" href=\"https:\/\/gatineauvet.ca\/fr\/vc_service\/urgences\/\">En savoir plus<\/a><\/div>\n<\/div><\/div><\/div><\/div>\n<\/div><\/div>\n\n\n\n<p><br><br><\/p>\n\n\n\n<div class=\"wp-block-buttons mb-6 is-horizontal is-content-justification-center is-layout-flex wp-container-core-buttons-is-layout-499968f5 wp-block-buttons-is-layout-flex\">\n<div class=\"wp-block-button\"><a class=\"wp-block-button__link has-tertiary-background-color has-background wp-element-button\" href=\"https:\/\/gatineauvet.ca\/fr\/?page_id=3712\">Demander un rendez-vous<\/a><\/div>\n<\/div>\n\n\n\n<div class=\"alignfull cta has-primary-background-color has-white-color\"><div class=\"container\"><div class=\"cta__content\"><h2 class=\"has-white-color\">Have a question about our services?<\/h2>\n<div class=\"wp-block-button is-style-outline is-style-outline--1\"><a class=\"wp-block-button__link has-white-color has-text-color wp-element-button\" href=\"https:\/\/gatineauvet.ca\/fr\/contact\/\">Envoyez-nous un message<\/a><\/div>\n<\/div><\/div><\/div>\n","protected":false},"excerpt":{"rendered":"<p>Nos services Notre \u00e9quipe s&rsquo;efforcera de r\u00e9pondre \u00e0 toutes les demandes sp\u00e9ciales au mieux de ses possibilit\u00e9s. En cas d&rsquo;urgence, veuillez nous appeler. avant de venir afin que nous puissions nous pr\u00e9parer \u00e0 votre arriv\u00e9e. La Clinique v\u00e9t\u00e9rinaire des collines de la Gatineau accepte les paiements par Visa, Mastercard, d\u00e9bit direct ou en esp\u00e8ces.<\/p>\n","protected":false},"author":3,"featured_media":0,"parent":0,"menu_order":0,"comment_status":"closed","ping_status":"closed","template":"","meta":{"_acf_changed":false,"inline_featured_image":false,"footnotes":""},"class_list":["post-3727","page","type-page","status-publish","hentry"],"acf":[],"_links":{"self":[{"href":"https:\/\/gatineauvet.ca\/fr\/wp-json\/wp\/v2\/pages\/3727","targetHints":{"allow":["GET"]}}],"collection":[{"href":"https:\/\/gatineauvet.ca\/fr\/wp-json\/wp\/v2\/pages"}],"about":[{"href":"https:\/\/gatineauvet.ca\/fr\/wp-json\/wp\/v2\/types\/page"}],"author":[{"embeddable":true,"href":"https:\/\/gatineauvet.ca\/fr\/wp-json\/wp\/v2\/users\/3"}],"replies":[{"embeddable":true,"href":"https:\/\/gatineauvet.ca\/fr\/wp-json\/wp\/v2\/comments?post=3727"}],"version-history":[{"count":5,"href":"https:\/\/gatineauvet.ca\/fr\/wp-json\/wp\/v2\/pages\/3727\/revisions"}],"predecessor-version":[{"id":3852,"href":"https:\/\/gatineauvet.ca\/fr\/wp-json\/wp\/v2\/pages\/3727\/revisions\/3852"}],"wp:attachment":[{"href":"https:\/\/gatineauvet.ca\/fr\/wp-json\/wp\/v2\/media?parent=3727"}],"curies":[{"name":"wp","href":"https:\/\/api.w.org\/{rel}","templated":true}]}}