{"id":3732,"date":"2022-01-11T21:06:26","date_gmt":"2022-01-11T21:06:26","guid":{"rendered":"https:\/\/gatineauvet.ca\/a-propos-de-nous\/"},"modified":"2025-12-11T23:41:27","modified_gmt":"2025-12-11T23:41:27","slug":"a-propos-de-nous","status":"publish","type":"page","link":"https:\/\/gatineauvet.ca\/fr\/a-propos-de-nous\/","title":{"rendered":"A propos de nous"},"content":{"rendered":"\n<div class=\"wp-block-cover alignfull has-parallax page-header mb-7\" style=\"min-height:150px;aspect-ratio:unset;\"><div class=\"wp-block-cover__image-background wp-image-1476 has-parallax\" style=\"background-position:50% 50%;background-image:url(https:\/\/gatineauvet.ca\/wp-content\/uploads\/2022\/02\/paw-bone-background.svg)\"><\/div><span aria-hidden=\"true\" class=\"wp-block-cover__background has-tertiary-background-color has-background-dim-80 has-background-dim\"><\/span><div class=\"wp-block-cover__inner-container is-layout-flow wp-block-cover-is-layout-flow\">\n<h1 class=\"wp-block-heading has-white-color has-text-color\" id=\"about-us\">A propos de nous<\/h1>\n<\/div><\/div>\n\n<div class=\"wp-block-vc-blocks-img-text img-text mb-5 mt-4\"><div class=\"img-text__inner align-items-start\"><div class=\"img-text__media order-md-2 text-md-right\"><img loading=\"lazy\" decoding=\"async\" width=\"1600\" height=\"1000\" src=\"https:\/\/gatineauvet.ca\/wp-content\/uploads\/2022\/09\/gatineau-banners-01.jpg\" alt=\"\" class=\"wp-image-3306\" srcset=\"https:\/\/gatineauvet.ca\/wp-content\/uploads\/2022\/09\/gatineau-banners-01.jpg 1600w, https:\/\/gatineauvet.ca\/wp-content\/uploads\/2022\/09\/gatineau-banners-01-300x188.jpg 300w, https:\/\/gatineauvet.ca\/wp-content\/uploads\/2022\/09\/gatineau-banners-01-1024x640.jpg 1024w, https:\/\/gatineauvet.ca\/wp-content\/uploads\/2022\/09\/gatineau-banners-01-768x480.jpg 768w, https:\/\/gatineauvet.ca\/wp-content\/uploads\/2022\/09\/gatineau-banners-01-1536x960.jpg 1536w, https:\/\/gatineauvet.ca\/wp-content\/uploads\/2022\/09\/gatineau-banners-01-1568x980.jpg 1568w\" sizes=\"auto, (max-width: 1600px) 100vw, 1600px\" \/><\/div><div class=\"img-text__content\">\n<h2 class=\"wp-block-heading has-primary-color has-text-color\" id=\"we-care-for-you-and-yourcompanion\">Nous prenons soin de vous et de vos compagnons<\/h2>\n\n\n\n<p>Nous aurons toujours \u00e0 c\u0153ur de servir au mieux les int\u00e9r\u00eats de votre animal, car le lien entre l&rsquo;homme et l&rsquo;animal est essentiel pour nous.  <br\/><br\/>Le parcours de notre clinique est unique, mais il est n\u00e9 d&rsquo;une passion.  <\/p>\n\n\n\n<p>\u00c9tablie en 1973, la Clinique v\u00e9t\u00e9rinaire des collines de la Gatineau a toujours \u00e9t\u00e9 heureuse de faire partie de la communaut\u00e9 ! Nous avons parcouru un long chemin depuis lors. Une clinique sp\u00e9cialement construite \u00e0 Wakefield a \u00e9t\u00e9 ouverte en 1983, et les portes de Chelsea ont \u00e9t\u00e9 ouvertes en 1990.  <\/p>\n\n\n\n<p>Nos trois v\u00e9t\u00e9rinaires partagent plus de 90 ans d&rsquo;exp\u00e9rience dans le traitement, le diagnostic, la gestion et le bien-\u00eatre des animaux de compagnie.  <\/p>\n\n\n\n<p>Nous disposons d&rsquo;installations ultramodernes qui sont propres, confortables et efficaces. Nous organisons des rendez-vous peu stressants avec des services allant des soins de routine aux conseils en nutrition. Nous avons \u00e9galement des pharmacies sur place et des options d&rsquo;achat en ligne pour votre confort.<\/p>\n\n\n\n<div class=\"wp-block-buttons mb-5 is-layout-flex wp-block-buttons-is-layout-flex\">\n<div class=\"wp-block-button\"><a class=\"wp-block-button__link has-primary-background-color has-background wp-element-button\" href=\"https:\/\/gatineauvet.ca\/fr\/notre-equipe\/\">Rencontrez notre \u00e9quipe<\/a><\/div>\n\n\n\n<div class=\"wp-block-button is-style-outline is-style-outline--1\"><a class=\"wp-block-button__link has-white-color has-tertiary-background-color has-text-color has-background wp-element-button\" href=\"https:\/\/gatineauvet.ca\/fr\/carrieres\/\">Rejoignez notre \u00e9quipe<\/a><\/div>\n<\/div>\n<\/div><\/div><\/div>\n\n<div style=\"aspect-ratio:unset;\" class=\"wp-block-cover alignfull is-light\"><span aria-hidden=\"true\" class=\"wp-block-cover__background has-secondary-background-color has-background-dim-10 has-background-dim\"><\/span><div class=\"wp-block-cover__inner-container is-layout-flow wp-block-cover-is-layout-flow\">\n<h2 class=\"wp-block-heading has-text-align-center has-primary-color has-text-color\" id=\"our-values\">Nos valeurs<\/h2>\n\n\n\n<div class=\"wp-block-columns is-layout-flex wp-container-core-columns-is-layout-9d6595d7 wp-block-columns-is-layout-flex\">\n<div class=\"wp-block-column is-layout-flow wp-block-column-is-layout-flow\"><div class=\"wp-block-image is-style-default\">\n<figure class=\"aligncenter size-full is-resized\"><img loading=\"lazy\" decoding=\"async\" width=\"417\" height=\"418\" src=\"https:\/\/gatineauvet.ca\/wp-content\/uploads\/2022\/09\/blue-sky-icons-18.png\" alt=\"\" class=\"wp-image-3097\" style=\"width:150px;height:150px\" srcset=\"https:\/\/gatineauvet.ca\/wp-content\/uploads\/2022\/09\/blue-sky-icons-18.png 417w, https:\/\/gatineauvet.ca\/wp-content\/uploads\/2022\/09\/blue-sky-icons-18-300x300.png 300w, https:\/\/gatineauvet.ca\/wp-content\/uploads\/2022\/09\/blue-sky-icons-18-150x150.png 150w\" sizes=\"auto, (max-width: 417px) 100vw, 417px\" \/><\/figure>\n<\/div>\n\n\n<p class=\"has-text-align-center has-primary-color has-text-color has-medium-font-size\"><strong>Compatissant<\/strong><\/p>\n\n\n\n<p class=\"has-text-align-center has-dark-color has-text-color\">Nous faisons preuve de compassion et d&#8217;empathie envers chaque client et patient que nous traitons.<\/p>\n<\/div>\n\n\n\n<div class=\"wp-block-column is-layout-flow wp-block-column-is-layout-flow\"><div class=\"wp-block-image\">\n<figure class=\"aligncenter size-full is-resized\"><img loading=\"lazy\" decoding=\"async\" width=\"417\" height=\"418\" src=\"https:\/\/gatineauvet.ca\/wp-content\/uploads\/2022\/09\/blue-sky-icons-05.png\" alt=\"\" class=\"wp-image-3084\" style=\"width:150px;height:150px\" srcset=\"https:\/\/gatineauvet.ca\/wp-content\/uploads\/2022\/09\/blue-sky-icons-05.png 417w, https:\/\/gatineauvet.ca\/wp-content\/uploads\/2022\/09\/blue-sky-icons-05-300x300.png 300w, https:\/\/gatineauvet.ca\/wp-content\/uploads\/2022\/09\/blue-sky-icons-05-150x150.png 150w\" sizes=\"auto, (max-width: 417px) 100vw, 417px\" \/><\/figure>\n<\/div>\n\n\n<p class=\"has-text-align-center has-primary-color has-text-color has-medium-font-size\"><strong>Professionnel<\/strong><\/p>\n\n\n\n<p class=\"has-text-align-center has-dark-color has-text-color\">Nous traitons chaque cas avec habilet\u00e9, bon jugement et comp\u00e9tence.<\/p>\n<\/div>\n\n\n\n<div class=\"wp-block-column is-layout-flow wp-block-column-is-layout-flow\"><div class=\"wp-block-image\">\n<figure class=\"aligncenter size-full is-resized\"><img loading=\"lazy\" decoding=\"async\" width=\"418\" height=\"418\" src=\"https:\/\/gatineauvet.ca\/wp-content\/uploads\/2022\/09\/blue-sky-icons-07.png\" alt=\"\" class=\"wp-image-3086\" style=\"width:150px;height:150px\" srcset=\"https:\/\/gatineauvet.ca\/wp-content\/uploads\/2022\/09\/blue-sky-icons-07.png 418w, https:\/\/gatineauvet.ca\/wp-content\/uploads\/2022\/09\/blue-sky-icons-07-300x300.png 300w, https:\/\/gatineauvet.ca\/wp-content\/uploads\/2022\/09\/blue-sky-icons-07-150x150.png 150w\" sizes=\"auto, (max-width: 418px) 100vw, 418px\" \/><\/figure>\n<\/div>\n\n\n<p class=\"has-text-align-center has-primary-color has-text-color has-medium-font-size\"><strong>Empathique<\/strong><\/p>\n\n\n\n<p class=\"has-text-align-center has-dark-color has-text-color\">Nous \u00e9coutons avec l&rsquo;intention de nous assurer que nous comprenons parfaitement la situation de votre animal.<\/p>\n<\/div>\n\n\n\n<div class=\"wp-block-column is-layout-flow wp-block-column-is-layout-flow\"><div class=\"wp-block-image\">\n<figure class=\"aligncenter size-full is-resized\"><img loading=\"lazy\" decoding=\"async\" width=\"418\" height=\"418\" src=\"https:\/\/gatineauvet.ca\/wp-content\/uploads\/2022\/09\/blue-sky-icons-25.png\" alt=\"\" class=\"wp-image-3104\" style=\"width:150px;height:150px\" srcset=\"https:\/\/gatineauvet.ca\/wp-content\/uploads\/2022\/09\/blue-sky-icons-25.png 418w, https:\/\/gatineauvet.ca\/wp-content\/uploads\/2022\/09\/blue-sky-icons-25-300x300.png 300w, https:\/\/gatineauvet.ca\/wp-content\/uploads\/2022\/09\/blue-sky-icons-25-150x150.png 150w\" sizes=\"auto, (max-width: 418px) 100vw, 418px\" \/><\/figure>\n<\/div>\n\n\n<p class=\"has-text-align-center has-primary-color has-text-color has-medium-font-size\"><strong>Passionn\u00e9<\/strong><\/p>\n\n\n\n<p class=\"has-text-align-center has-dark-color has-text-color\">Nous aimons ce que nous faisons et cela se voit dans chaque patient que nous voyons.  <\/p>\n<\/div>\n<\/div>\n<\/div><\/div>\n\n<div class=\"alignfull cta has-tertiary-background-color has-white-color mb-6\"><div class=\"container\"><div class=\"cta__content\"><h2 class=\"has-white-color\">We&rsquo;re hiring! Join our growing team<\/h2>\n<div class=\"wp-block-button is-style-outline is-style-outline--2\"><a class=\"wp-block-button__link wp-element-button\" href=\"https:\/\/gatineauvet.ca\/fr\/carrieres\/\">Voir les carri\u00e8res<\/a><\/div>\n<\/div><\/div><\/div>\n","protected":false},"excerpt":{"rendered":"","protected":false},"author":3,"featured_media":0,"parent":0,"menu_order":0,"comment_status":"closed","ping_status":"closed","template":"","meta":{"_acf_changed":false,"inline_featured_image":false,"footnotes":""},"class_list":["post-3732","page","type-page","status-publish","hentry"],"acf":[],"_links":{"self":[{"href":"https:\/\/gatineauvet.ca\/fr\/wp-json\/wp\/v2\/pages\/3732","targetHints":{"allow":["GET"]}}],"collection":[{"href":"https:\/\/gatineauvet.ca\/fr\/wp-json\/wp\/v2\/pages"}],"about":[{"href":"https:\/\/gatineauvet.ca\/fr\/wp-json\/wp\/v2\/types\/page"}],"author":[{"embeddable":true,"href":"https:\/\/gatineauvet.ca\/fr\/wp-json\/wp\/v2\/users\/3"}],"replies":[{"embeddable":true,"href":"https:\/\/gatineauvet.ca\/fr\/wp-json\/wp\/v2\/comments?post=3732"}],"version-history":[{"count":8,"href":"https:\/\/gatineauvet.ca\/fr\/wp-json\/wp\/v2\/pages\/3732\/revisions"}],"predecessor-version":[{"id":4174,"href":"https:\/\/gatineauvet.ca\/fr\/wp-json\/wp\/v2\/pages\/3732\/revisions\/4174"}],"wp:attachment":[{"href":"https:\/\/gatineauvet.ca\/fr\/wp-json\/wp\/v2\/media?parent=3732"}],"curies":[{"name":"wp","href":"https:\/\/api.w.org\/{rel}","templated":true}]}}