{"id":3733,"date":"2021-07-19T04:36:37","date_gmt":"2021-07-19T04:36:37","guid":{"rendered":"https:\/\/gatineauvet.ca\/carrieres\/"},"modified":"2022-11-10T18:21:11","modified_gmt":"2022-11-10T18:21:11","slug":"carrieres","status":"publish","type":"page","link":"https:\/\/gatineauvet.ca\/fr\/carrieres\/","title":{"rendered":"Carri\u00e8res"},"content":{"rendered":"\n<div class=\"wp-block-cover alignfull has-parallax page-header mb-6\" style=\"background-image:url(https:\/\/gatineauvet.ca\/wp-content\/uploads\/2022\/02\/paw-bone-background.svg);min-height:150px;aspect-ratio:unset;\"><span aria-hidden=\"true\" class=\"wp-block-cover__background has-tertiary-background-color has-background-dim-90 has-background-dim\"><\/span><div class=\"wp-block-cover__inner-container is-layout-flow wp-block-cover-is-layout-flow\">\n<h1 class=\"has-white-color has-text-color wp-block-heading\" id=\"careers\">Carri\u00e8res<\/h1>\n<\/div><\/div>\n\n<div class=\"wp-block-group\"><div class=\"wp-block-group__inner-container is-layout-flow wp-block-group-is-layout-flow\">\n<div class=\"wp-block-vc-blocks-img-text img-text mb-5 mt-4\"><div class=\"img-text__inner align-items-start\"><div class=\"img-text__media\"><img loading=\"lazy\" decoding=\"async\" width=\"1081\" height=\"1081\" src=\"https:\/\/gatineauvet.ca\/wp-content\/uploads\/2022\/09\/gatineau-dog-with-visibility-vests.jpg\" alt=\"\" class=\"wp-image-3387\" srcset=\"https:\/\/gatineauvet.ca\/wp-content\/uploads\/2022\/09\/gatineau-dog-with-visibility-vests.jpg 1081w, https:\/\/gatineauvet.ca\/wp-content\/uploads\/2022\/09\/gatineau-dog-with-visibility-vests-300x300.jpg 300w, https:\/\/gatineauvet.ca\/wp-content\/uploads\/2022\/09\/gatineau-dog-with-visibility-vests-1024x1024.jpg 1024w, https:\/\/gatineauvet.ca\/wp-content\/uploads\/2022\/09\/gatineau-dog-with-visibility-vests-150x150.jpg 150w, https:\/\/gatineauvet.ca\/wp-content\/uploads\/2022\/09\/gatineau-dog-with-visibility-vests-768x768.jpg 768w\" sizes=\"auto, (max-width: 1081px) 100vw, 1081px\" \/><\/div><div class=\"img-text__content\">\n<h2 class=\"has-primary-color has-text-color wp-block-heading\" id=\"we-care-for-you-and-yourcompanion\">Rejoignez notre \u00e9quipe  <\/h2>\n\n\n\n<p>Vous \u00eates passionn\u00e9 par les soins aux animaux ? Vous cherchez \u00e0 d\u00e9velopper votre carri\u00e8re au sein d&rsquo;une \u00e9quipe de professionnels v\u00e9t\u00e9rinaires d\u00e9vou\u00e9s ?<\/p>\n\n\n\n<p>Il n&rsquo;y a jamais eu de meilleur moment pour nous rejoindre. Nous serions ravis de vous rencontrer si vous alliez l&rsquo;expertise clinique \u00e0 la collaboration et \u00e0 la compassion.<\/p>\n\n\n\n<p>Commencez une nouvelle aventure au Qu\u00e9bec et joignez-vous \u00e0 notre \u00e9quipe sympathique en pleine croissance !<\/p>\n\n\n\n<div class=\"wp-block-buttons mb-5 is-layout-flex wp-block-buttons-is-layout-flex\">\n<div class=\"wp-block-button is-style-fill\"><a class=\"wp-block-button__link has-white-color has-primary-background-color has-text-color has-background\" href=\"#resumator-job-frame\">Voir les offres d&#8217;emploi actuelles<\/a><\/div>\n<\/div>\n<\/div><\/div><\/div>\n<\/div><\/div>\n\n<div class=\"wp-block-cover alignfull is-light mb-7\" style=\"min-height:361px;aspect-ratio:unset;\"><span aria-hidden=\"true\" class=\"wp-block-cover__background has-background-dim-100 has-background-dim\" style=\"background-color:#f4f4f4\"><\/span><div class=\"wp-block-cover__inner-container is-layout-flow wp-block-cover-is-layout-flow\">\n<h2 class=\"has-text-align-center mb-2 has-primary-color has-text-color wp-block-heading\" id=\"why-work-at-cah\">Pourquoi travailler \u00e0 la Clinique v\u00e9t\u00e9rinaire des collines de la Gatineau ?<\/h2>\n\n\n\n<p class=\"has-text-align-center w-75 mb-3 mx-auto has-dark-color has-text-color\">Nous abritons une \u00e9quipe exceptionnelle, exp\u00e9riment\u00e9e et dot\u00e9e de tous les \u00e9quipements n\u00e9cessaires pour pratiquer des soins d&rsquo;urgence de la plus haute qualit\u00e9 pour tous les patients.<\/p>\n<\/div><\/div>\n\n<div class=\"wp-block-vc-blocks-vctabs vctabs mb-6\"><div class=\"vctabs-wrapper\">\n<div class=\"wp-block-vc-blocks-vctab vctab active\" data-vc-target=\"#tab-1\" role=\"tab\" aria-controls=\"tab-1\" aria-selected=\"false\"><div class=\"wp-block-image\">\n<figure class=\"aligncenter size-full\"><img loading=\"lazy\" decoding=\"async\" width=\"418\" height=\"418\" src=\"https:\/\/gatineauvet.ca\/wp-content\/uploads\/2022\/09\/blue-sky-icons-07.png\" alt=\"\" class=\"wp-image-3086\" srcset=\"https:\/\/gatineauvet.ca\/wp-content\/uploads\/2022\/09\/blue-sky-icons-07.png 418w, https:\/\/gatineauvet.ca\/wp-content\/uploads\/2022\/09\/blue-sky-icons-07-300x300.png 300w, https:\/\/gatineauvet.ca\/wp-content\/uploads\/2022\/09\/blue-sky-icons-07-150x150.png 150w\" sizes=\"auto, (max-width: 418px) 100vw, 418px\" \/><\/figure>\n<\/div>\n\n\n<p class=\"has-text-align-center\">\u00c9quilibre entre vie professionnelle et vie priv\u00e9e<\/p>\n<\/div>\n\n\n\n<div class=\"wp-block-vc-blocks-vctab vctab\" data-vc-target=\"#tab-2\" role=\"tab\" aria-controls=\"tab-2\" aria-selected=\"false\"><div class=\"wp-block-image\">\n<figure class=\"aligncenter size-full\"><img loading=\"lazy\" decoding=\"async\" width=\"417\" height=\"418\" src=\"https:\/\/gatineauvet.ca\/wp-content\/uploads\/2022\/09\/blue-sky-icons-11.png\" alt=\"\" class=\"wp-image-3090\" srcset=\"https:\/\/gatineauvet.ca\/wp-content\/uploads\/2022\/09\/blue-sky-icons-11.png 417w, https:\/\/gatineauvet.ca\/wp-content\/uploads\/2022\/09\/blue-sky-icons-11-300x300.png 300w, https:\/\/gatineauvet.ca\/wp-content\/uploads\/2022\/09\/blue-sky-icons-11-150x150.png 150w\" sizes=\"auto, (max-width: 417px) 100vw, 417px\" \/><\/figure>\n<\/div>\n\n\n<p class=\"has-text-align-center\">Grande \u00e9quipe  <\/p>\n<\/div>\n\n\n\n<div class=\"wp-block-vc-blocks-vctab vctab\" data-vc-target=\"#tab-3\" role=\"tab\" aria-controls=\"tab-3\" aria-selected=\"false\"><div class=\"wp-block-image\">\n<figure class=\"aligncenter size-full\"><img loading=\"lazy\" decoding=\"async\" width=\"417\" height=\"418\" src=\"https:\/\/gatineauvet.ca\/wp-content\/uploads\/2022\/09\/blue-sky-icons-20.png\" alt=\"\" class=\"wp-image-3099\" srcset=\"https:\/\/gatineauvet.ca\/wp-content\/uploads\/2022\/09\/blue-sky-icons-20.png 417w, https:\/\/gatineauvet.ca\/wp-content\/uploads\/2022\/09\/blue-sky-icons-20-300x300.png 300w, https:\/\/gatineauvet.ca\/wp-content\/uploads\/2022\/09\/blue-sky-icons-20-150x150.png 150w\" sizes=\"auto, (max-width: 417px) 100vw, 417px\" \/><\/figure>\n<\/div>\n\n\n<p class=\"has-text-align-center\">Avantages et b\u00e9n\u00e9fices<\/p>\n<\/div>\n\n\n\n<div class=\"wp-block-vc-blocks-vctab vctab\" data-vc-target=\"#tab-4\" role=\"tab\" aria-controls=\"tab-4\" aria-selected=\"false\"><div class=\"wp-block-image\">\n<figure class=\"aligncenter size-full\"><img loading=\"lazy\" decoding=\"async\" width=\"417\" height=\"418\" src=\"https:\/\/gatineauvet.ca\/wp-content\/uploads\/2022\/09\/blue-sky-icons-35.png\" alt=\"\" class=\"wp-image-3078\" srcset=\"https:\/\/gatineauvet.ca\/wp-content\/uploads\/2022\/09\/blue-sky-icons-35.png 417w, https:\/\/gatineauvet.ca\/wp-content\/uploads\/2022\/09\/blue-sky-icons-35-300x300.png 300w, https:\/\/gatineauvet.ca\/wp-content\/uploads\/2022\/09\/blue-sky-icons-35-150x150.png 150w\" sizes=\"auto, (max-width: 417px) 100vw, 417px\" \/><\/figure>\n<\/div>\n\n\n<p class=\"has-text-align-center\">Travailler avec des animaux<\/p>\n<\/div>\n\n\n\n<div class=\"wp-block-vc-blocks-vctab vctab\" data-vc-target=\"#tab-5\" role=\"tab\" aria-controls=\"tab-5\" aria-selected=\"false\"><div class=\"wp-block-image\">\n<figure class=\"aligncenter size-full\"><img loading=\"lazy\" decoding=\"async\" width=\"417\" height=\"418\" src=\"https:\/\/gatineauvet.ca\/wp-content\/uploads\/2022\/09\/blue-sky-icons-20.png\" alt=\"\" class=\"wp-image-3099\" srcset=\"https:\/\/gatineauvet.ca\/wp-content\/uploads\/2022\/09\/blue-sky-icons-20.png 417w, https:\/\/gatineauvet.ca\/wp-content\/uploads\/2022\/09\/blue-sky-icons-20-300x300.png 300w, https:\/\/gatineauvet.ca\/wp-content\/uploads\/2022\/09\/blue-sky-icons-20-150x150.png 150w\" sizes=\"auto, (max-width: 417px) 100vw, 417px\" \/><\/figure>\n<\/div>\n\n\n<p class=\"has-text-align-center\">Satisfaction professionnelle<\/p>\n<\/div>\n<\/div><\/div>\n\n<div class=\"wp-block-vc-blocks-vctab-content vctab-content mb-6\">\n<div class=\"wp-block-vc-blocks-vctab-pane vc-tab-pane fade active show\" id=\"tab-1\">\n<div class=\"wp-block-vc-blocks-img-text img-text img-text--sameHeight\"><div class=\"img-text__inner\"><div class=\"img-text__media order-md-2 text-md-right\"><img loading=\"lazy\" decoding=\"async\" width=\"800\" height=\"801\" src=\"https:\/\/gatineauvet.ca\/wp-content\/uploads\/2022\/09\/blue-sky-13.jpg\" alt=\"\" class=\"wp-image-3133\" srcset=\"https:\/\/gatineauvet.ca\/wp-content\/uploads\/2022\/09\/blue-sky-13.jpg 800w, https:\/\/gatineauvet.ca\/wp-content\/uploads\/2022\/09\/blue-sky-13-300x300.jpg 300w, https:\/\/gatineauvet.ca\/wp-content\/uploads\/2022\/09\/blue-sky-13-150x150.jpg 150w, https:\/\/gatineauvet.ca\/wp-content\/uploads\/2022\/09\/blue-sky-13-768x769.jpg 768w\" sizes=\"auto, (max-width: 800px) 100vw, 800px\" \/><\/div><div class=\"img-text__content justify-content-start\">\n<h2 class=\"has-primary-color has-text-color wp-block-heading\" id=\"we-have-a-supportive-team\">Nous encourageons la flexibilit\u00e9  <\/h2>\n\n\n\n<p>Nous favorisons un environnement propice \u00e0 la croissance afin d&rsquo;am\u00e9liorer l&rsquo;\u00e9quilibre entre vie professionnelle et vie priv\u00e9e. Notre flexibilit\u00e9 est un succ\u00e8s parce que nous maintenons une attitude centr\u00e9e sur l&rsquo;\u00e9quipe et un sens clair de l&rsquo;objectif.<\/p>\n<\/div><\/div><\/div>\n<\/div>\n\n\n\n<div class=\"wp-block-vc-blocks-vctab-pane vc-tab-pane fade\" id=\"tab-2\">\n<div class=\"wp-block-vc-blocks-img-text img-text img-text--sameHeight\"><div class=\"img-text__inner\"><div class=\"img-text__media order-md-2 text-md-right\"><img loading=\"lazy\" decoding=\"async\" width=\"1081\" height=\"1080\" src=\"https:\/\/gatineauvet.ca\/wp-content\/uploads\/2022\/09\/gatineau-happy-white-huskie.jpg\" alt=\"\" class=\"wp-image-3338\" srcset=\"https:\/\/gatineauvet.ca\/wp-content\/uploads\/2022\/09\/gatineau-happy-white-huskie.jpg 1081w, https:\/\/gatineauvet.ca\/wp-content\/uploads\/2022\/09\/gatineau-happy-white-huskie-300x300.jpg 300w, https:\/\/gatineauvet.ca\/wp-content\/uploads\/2022\/09\/gatineau-happy-white-huskie-1024x1024.jpg 1024w, https:\/\/gatineauvet.ca\/wp-content\/uploads\/2022\/09\/gatineau-happy-white-huskie-150x150.jpg 150w, https:\/\/gatineauvet.ca\/wp-content\/uploads\/2022\/09\/gatineau-happy-white-huskie-768x767.jpg 768w\" sizes=\"auto, (max-width: 1081px) 100vw, 1081px\" \/><\/div><div class=\"img-text__content justify-content-start\">\n<h2 class=\"has-primary-color has-text-color wp-block-heading\" id=\"we-practice-advanced-ermergency-medicine\">Nous avons une \u00e9quipe sympathique<\/h2>\n\n\n\n<p>Nous nous soutenons les uns les autres pour que notre \u00e9quipe se sente respect\u00e9e, en s\u00e9curit\u00e9.  <br\/>et heureux. Notre clinique ressemble \u00e0 une grande famille !<\/p>\n<\/div><\/div><\/div>\n<\/div>\n\n\n\n<div class=\"wp-block-vc-blocks-vctab-pane vc-tab-pane fade\" id=\"tab-3\">\n<div class=\"wp-block-vc-blocks-img-text img-text img-text--sameHeight\"><div class=\"img-text__inner\"><div class=\"img-text__media order-md-2 text-md-right\"><img loading=\"lazy\" decoding=\"async\" width=\"1081\" height=\"1081\" src=\"https:\/\/gatineauvet.ca\/wp-content\/uploads\/2022\/09\/gatineau-dog-big-stick.jpg\" alt=\"\" class=\"wp-image-3319\" srcset=\"https:\/\/gatineauvet.ca\/wp-content\/uploads\/2022\/09\/gatineau-dog-big-stick.jpg 1081w, https:\/\/gatineauvet.ca\/wp-content\/uploads\/2022\/09\/gatineau-dog-big-stick-300x300.jpg 300w, https:\/\/gatineauvet.ca\/wp-content\/uploads\/2022\/09\/gatineau-dog-big-stick-1024x1024.jpg 1024w, https:\/\/gatineauvet.ca\/wp-content\/uploads\/2022\/09\/gatineau-dog-big-stick-150x150.jpg 150w, https:\/\/gatineauvet.ca\/wp-content\/uploads\/2022\/09\/gatineau-dog-big-stick-768x768.jpg 768w\" sizes=\"auto, (max-width: 1081px) 100vw, 1081px\" \/><\/div><div class=\"img-text__content justify-content-start\">\n<h2 class=\"has-primary-color has-text-color wp-block-heading\" id=\"we-offer-a-flexible-schedule\">Nous offrons d&rsquo;excellents avantages et possibilit\u00e9s<\/h2>\n\n\n\n<p>Notre \u00e9quipe, qui travaille dur, a droit \u00e0 des prestations de sant\u00e9, \u00e0 une formation continue et \u00e0 des possibilit\u00e9s d&rsquo;\u00e9volution de carri\u00e8re.<\/p>\n<\/div><\/div><\/div>\n<\/div>\n\n\n\n<div class=\"wp-block-vc-blocks-vctab-pane vc-tab-pane fade\" id=\"tab-4\">\n<div class=\"wp-block-vc-blocks-img-text img-text img-text--sameHeight\"><div class=\"img-text__inner\"><div class=\"img-text__media order-md-2 text-md-right\"><img loading=\"lazy\" decoding=\"async\" width=\"801\" height=\"800\" src=\"https:\/\/gatineauvet.ca\/wp-content\/uploads\/2022\/09\/blue-sky-06.jpg\" alt=\"\" class=\"wp-image-3126\" srcset=\"https:\/\/gatineauvet.ca\/wp-content\/uploads\/2022\/09\/blue-sky-06.jpg 801w, https:\/\/gatineauvet.ca\/wp-content\/uploads\/2022\/09\/blue-sky-06-300x300.jpg 300w, https:\/\/gatineauvet.ca\/wp-content\/uploads\/2022\/09\/blue-sky-06-150x150.jpg 150w, https:\/\/gatineauvet.ca\/wp-content\/uploads\/2022\/09\/blue-sky-06-768x767.jpg 768w\" sizes=\"auto, (max-width: 801px) 100vw, 801px\" \/><\/div><div class=\"img-text__content justify-content-start\">\n<h2 class=\"has-primary-color has-text-color wp-block-heading\" id=\"we-offer-great-benefits-and-opportunities\">Nous les traitons comme les n\u00f4tres  <\/h2>\n\n\n\n<p>Nous cr\u00e9ons un lien avec chaque animal. Nous soignons et traitons tous nos patients avec compassion et empathie afin de leur assurer une vie longue, saine et heureuse.  <\/p>\n<\/div><\/div><\/div>\n<\/div>\n\n\n\n<div class=\"wp-block-vc-blocks-vctab-pane vc-tab-pane fade\" id=\"tab-5\">\n<div class=\"wp-block-vc-blocks-img-text img-text img-text--sameHeight\"><div class=\"img-text__inner\"><div class=\"img-text__media order-md-2 text-md-right\"><img loading=\"lazy\" decoding=\"async\" width=\"1080\" height=\"1081\" src=\"https:\/\/gatineauvet.ca\/wp-content\/uploads\/2022\/09\/gatineau-dog-in-garden.jpg\" alt=\"\" class=\"wp-image-3325\" srcset=\"https:\/\/gatineauvet.ca\/wp-content\/uploads\/2022\/09\/gatineau-dog-in-garden.jpg 1080w, https:\/\/gatineauvet.ca\/wp-content\/uploads\/2022\/09\/gatineau-dog-in-garden-300x300.jpg 300w, https:\/\/gatineauvet.ca\/wp-content\/uploads\/2022\/09\/gatineau-dog-in-garden-1024x1024.jpg 1024w, https:\/\/gatineauvet.ca\/wp-content\/uploads\/2022\/09\/gatineau-dog-in-garden-150x150.jpg 150w, https:\/\/gatineauvet.ca\/wp-content\/uploads\/2022\/09\/gatineau-dog-in-garden-768x769.jpg 768w\" sizes=\"auto, (max-width: 1080px) 100vw, 1080px\" \/><\/div><div class=\"img-text__content justify-content-start\">\n<h2 class=\"has-primary-color has-text-color wp-block-heading\" id=\"we-prioritize-an-inclusive-environment\">Nous aimons ce que nous faisons  <\/h2>\n\n\n\n<p>Nous sommes passionn\u00e9s et enthousiastes \u00e0 l&rsquo;id\u00e9e de soutenir chaque client et patient  <br\/>chaque jour.<\/p>\n<\/div><\/div><\/div>\n<\/div>\n<\/div>\n\n<iframe name=\"resumator-job-frame\" id=\"resumator-job-frame\" class=\"resumator-advanced-widget\" src=\"https:\/\/vetcare.applytojob.com\/apply\/jobs\/?department=QC%20-%20Clinique%20Veterinaire%20de%20la%20Gatineau%20Chelsea\" width=\"100%\" scrolling=\"yes\" frameborder=\"0\" allowtransparency=\"true\"><\/iframe><script>function resizeResumatorIframe(height,nojump){if(nojump== 0){window.scrollTo(0,0);}document.getElementById(\"resumator-job-frame\").height = parseInt(height)+20;}<\/script>\n","protected":false},"excerpt":{"rendered":"","protected":false},"author":3,"featured_media":0,"parent":0,"menu_order":0,"comment_status":"closed","ping_status":"closed","template":"","meta":{"_acf_changed":false,"inline_featured_image":false,"footnotes":""},"class_list":["post-3733","page","type-page","status-publish","hentry"],"acf":[],"_links":{"self":[{"href":"https:\/\/gatineauvet.ca\/fr\/wp-json\/wp\/v2\/pages\/3733","targetHints":{"allow":["GET"]}}],"collection":[{"href":"https:\/\/gatineauvet.ca\/fr\/wp-json\/wp\/v2\/pages"}],"about":[{"href":"https:\/\/gatineauvet.ca\/fr\/wp-json\/wp\/v2\/types\/page"}],"author":[{"embeddable":true,"href":"https:\/\/gatineauvet.ca\/fr\/wp-json\/wp\/v2\/users\/3"}],"replies":[{"embeddable":true,"href":"https:\/\/gatineauvet.ca\/fr\/wp-json\/wp\/v2\/comments?post=3733"}],"version-history":[{"count":1,"href":"https:\/\/gatineauvet.ca\/fr\/wp-json\/wp\/v2\/pages\/3733\/revisions"}],"predecessor-version":[{"id":3737,"href":"https:\/\/gatineauvet.ca\/fr\/wp-json\/wp\/v2\/pages\/3733\/revisions\/3737"}],"wp:attachment":[{"href":"https:\/\/gatineauvet.ca\/fr\/wp-json\/wp\/v2\/media?parent=3733"}],"curies":[{"name":"wp","href":"https:\/\/api.w.org\/{rel}","templated":true}]}}