{"id":3741,"date":"2021-11-22T22:04:24","date_gmt":"2021-11-22T22:04:24","guid":{"rendered":"https:\/\/gatineauvet.ca\/notre-equipe\/"},"modified":"2025-10-10T23:07:15","modified_gmt":"2025-10-10T23:07:15","slug":"notre-equipe","status":"publish","type":"page","link":"https:\/\/gatineauvet.ca\/fr\/notre-equipe\/","title":{"rendered":"Notre \u00e9quipe"},"content":{"rendered":"\n<div class=\"wp-block-cover alignfull has-parallax page-header mb-5\" style=\"min-height:150px;aspect-ratio:unset;\"><div class=\"wp-block-cover__image-background wp-image-1476 has-parallax\" style=\"background-position:50% 50%;background-image:url(https:\/\/gatineauvet.ca\/wp-content\/uploads\/2022\/02\/paw-bone-background.svg)\"><\/div><span aria-hidden=\"true\" class=\"wp-block-cover__background has-tertiary-background-color has-background-dim-80 has-background-dim\"><\/span><div class=\"wp-block-cover__inner-container is-layout-flow wp-block-cover-is-layout-flow\">\n<h1 class=\"wp-block-heading\" id=\"our-team\">Notre \u00e9quipe<\/h1>\n<\/div><\/div>\n\n\n\n<h2 class=\"wp-block-heading has-text-align-center mb-4 has-primary-color has-text-color\" id=\"our-doctors\">Nos m\u00e9decins<\/h2>\n\n\n\n<div class=\"wp-block-vc-blocks-cards vc-cards vc-cards--center mb-6 with-hover\"><div class=\"row row-cols-1 row-cols-md-2 row-cols-lg-3\">\n<div class=\"wp-block-vc-blocks-card col mb-5\"><div class=\"card activateOverlay\"><img loading=\"lazy\" decoding=\"async\" width=\"600\" height=\"600\" src=\"https:\/\/gatineauvet.ca\/wp-content\/uploads\/2025\/09\/Gatineau_Dr.-Penny-Wootton-1.png\" alt=\"\" class=\"wp-image-4120\" srcset=\"https:\/\/gatineauvet.ca\/wp-content\/uploads\/2025\/09\/Gatineau_Dr.-Penny-Wootton-1.png 600w, https:\/\/gatineauvet.ca\/wp-content\/uploads\/2025\/09\/Gatineau_Dr.-Penny-Wootton-1-300x300.png 300w, https:\/\/gatineauvet.ca\/wp-content\/uploads\/2025\/09\/Gatineau_Dr.-Penny-Wootton-1-150x150.png 150w\" sizes=\"auto, (max-width: 600px) 100vw, 600px\" \/><div class=\"card-content wp-block-vc-blocks-card col \"><div style=\"--overlayDimRatio:0.2\" class=\"has-secondary-background-color backgroundOverlay\"><\/div><div class=\"card-body\">\n<h3 class=\"wp-block-heading has-text-align-center fw-normal has-white-color has-text-color\" id=\"dr-mehmi-dvm\"><strong>Dr. Penny Wootton<\/strong><br>DVM<\/h3>\n\n\n\n<div class=\"wp-block-group\"><div class=\"wp-block-group__inner-container is-layout-flow wp-block-group-is-layout-flow\">\n<p class=\"has-text-align-center has-white-color has-text-color has-medium-font-size\">Apr\u00e8s avoir obtenu son dipl\u00f4me du Coll\u00e8ge v\u00e9t\u00e9rinaire de l&rsquo;Ontario (OVC) \u00e0 l&rsquo;Universit\u00e9 de Guelph en 1991, la Dre Penny Wootton a travaill\u00e9 dans plusieurs cliniques avant de s&rsquo;installer \u00e0 Gatineau Hills. Devenue copropri\u00e9taire de la clinique en 2011, Penny esp\u00e8re continuer \u00e0 servir les animaux de compagnie dans les ann\u00e9es \u00e0 venir.<\/p>\n\n\n\n<div class=\"wp-block-buttons is-content-justification-center is-layout-flex wp-container-core-buttons-is-layout-16018d1d wp-block-buttons-is-layout-flex\">\n<div class=\"wp-block-button is-style-outline is-style-outline--1\"><a class=\"wp-block-button__link wp-element-button\" href=\"https:\/\/gatineauvet.ca\/vc_teammember\/dr-penny-wootton\/\" style=\"border-radius:37px\">Lire la suite<\/a><\/div>\n<\/div>\n<\/div><\/div>\n\n\n\n<p><\/p>\n<\/div><\/div><\/div><\/div>\n<\/div><\/div>\n\n\n\n<h2 class=\"wp-block-heading has-text-align-center mb-4 has-primary-color has-text-color\" id=\"our-doctors\">Notre \u00e9quipe (Chelsea)<\/h2>\n\n\n\n<div class=\"wp-block-vc-blocks-cards vc-cards vc-cards--center mb-6 with-hover\"><div class=\"row row-cols-1 row-cols-md-2 row-cols-lg-3\">\n<div class=\"wp-block-vc-blocks-card col mb-5\"><div class=\"card activateOverlay\"><img loading=\"lazy\" decoding=\"async\" width=\"600\" height=\"600\" src=\"https:\/\/gatineauvet.ca\/wp-content\/uploads\/2025\/09\/Gatineau_Bianca-Lafontaine-1.png\" alt=\"\" class=\"wp-image-4122\" srcset=\"https:\/\/gatineauvet.ca\/wp-content\/uploads\/2025\/09\/Gatineau_Bianca-Lafontaine-1.png 600w, https:\/\/gatineauvet.ca\/wp-content\/uploads\/2025\/09\/Gatineau_Bianca-Lafontaine-1-300x300.png 300w, https:\/\/gatineauvet.ca\/wp-content\/uploads\/2025\/09\/Gatineau_Bianca-Lafontaine-1-150x150.png 150w\" sizes=\"auto, (max-width: 600px) 100vw, 600px\" \/><div class=\"card-content wp-block-vc-blocks-card col \"><div style=\"--overlayDimRatio:0.2\" class=\"has-secondary-background-color backgroundOverlay\"><\/div><div class=\"card-body\">\n<h3 class=\"wp-block-heading has-text-align-center fw-normal has-white-color has-text-color\" id=\"dr-mehmi-dvm\">Bianca<br>VT<\/h3>\n\n\n\n<div class=\"wp-block-group\"><div class=\"wp-block-group__inner-container is-layout-flow wp-block-group-is-layout-flow\">\n<p class=\"has-text-align-center has-white-color has-text-color has-medium-font-size\">Si quelqu\u2019un cherche quelque chose, Bianca sait o\u00f9 le trouver! Depuis qu\u2019elle \u00e0 rejoint notre \u00e9quipe en 2021, elle recueille minutieusement ses connaissances dans tous ces cartables.<\/p>\n\n\n\n<div class=\"wp-block-buttons is-content-justification-center is-layout-flex wp-container-core-buttons-is-layout-16018d1d wp-block-buttons-is-layout-flex\">\n<div class=\"wp-block-button is-style-outline is-style-outline--2\"><a class=\"wp-block-button__link wp-element-button\" href=\"https:\/\/gatineauvet.ca\/vc_teammember\/bianca\/\" style=\"border-radius:37px\">Lire la suite<\/a><\/div>\n<\/div>\n<\/div><\/div>\n\n\n\n<p><\/p>\n<\/div><\/div><\/div><\/div>\n\n\n\n<div class=\"wp-block-vc-blocks-card col mb-5\"><div class=\"card activateOverlay\"><img loading=\"lazy\" decoding=\"async\" width=\"1080\" height=\"1081\" src=\"https:\/\/gatineauvet.ca\/wp-content\/uploads\/2022\/09\/gatineau-dog-in-garden.jpg\" alt=\"\" class=\"wp-image-3678\" srcset=\"https:\/\/gatineauvet.ca\/wp-content\/uploads\/2022\/09\/gatineau-dog-in-garden.jpg 1080w, https:\/\/gatineauvet.ca\/wp-content\/uploads\/2022\/09\/gatineau-dog-in-garden-300x300.jpg 300w, https:\/\/gatineauvet.ca\/wp-content\/uploads\/2022\/09\/gatineau-dog-in-garden-1024x1024.jpg 1024w, https:\/\/gatineauvet.ca\/wp-content\/uploads\/2022\/09\/gatineau-dog-in-garden-150x150.jpg 150w, https:\/\/gatineauvet.ca\/wp-content\/uploads\/2022\/09\/gatineau-dog-in-garden-768x769.jpg 768w\" sizes=\"auto, (max-width: 1080px) 100vw, 1080px\" \/><div class=\"card-content wp-block-vc-blocks-card col \"><div style=\"--overlayDimRatio:0.2\" class=\"has-secondary-background-color backgroundOverlay\"><\/div><div class=\"card-body\">\n<h3 class=\"wp-block-heading has-text-align-center fw-normal has-white-color has-text-color\" id=\"dr-mehmi-dvm\">Maddison<br>VA<\/h3>\n\n\n\n<div class=\"wp-block-group\"><div class=\"wp-block-group__inner-container is-layout-flow wp-block-group-is-layout-flow\">\n<p class=\"has-text-align-center has-white-color has-text-color has-medium-font-size\">Madison n\u2019a pas besoin d\u2019\u00eatre la plus bruyante, car son travail parle pour lui-m\u00eame! Depuis qu\u2019elle a rejoint notre \u00e9quipe en 2023, toute l\u2019\u00e9quipe remarque quotidiennement \u00e0 quel point l\u2019arri\u00e8re clinique est impeccable.<\/p>\n\n\n\n<div class=\"wp-block-buttons is-content-justification-center is-layout-flex wp-container-core-buttons-is-layout-16018d1d wp-block-buttons-is-layout-flex\">\n<div class=\"wp-block-button is-style-outline is-style-outline--3\"><a class=\"wp-block-button__link wp-element-button\" href=\"https:\/\/gatineauvet.ca\/vc_teammember\/madison\/\" style=\"border-radius:37px\">Lire la suite<\/a><\/div>\n<\/div>\n<\/div><\/div>\n\n\n\n<p><\/p>\n<\/div><\/div><\/div><\/div>\n\n\n\n<div class=\"wp-block-vc-blocks-card col mb-5\"><div class=\"card activateOverlay\"><img loading=\"lazy\" decoding=\"async\" width=\"600\" height=\"600\" src=\"https:\/\/gatineauvet.ca\/wp-content\/uploads\/2025\/09\/Gatineau_Karine-Villeneuve-1.png\" alt=\"\" class=\"wp-image-4128\" srcset=\"https:\/\/gatineauvet.ca\/wp-content\/uploads\/2025\/09\/Gatineau_Karine-Villeneuve-1.png 600w, https:\/\/gatineauvet.ca\/wp-content\/uploads\/2025\/09\/Gatineau_Karine-Villeneuve-1-300x300.png 300w, https:\/\/gatineauvet.ca\/wp-content\/uploads\/2025\/09\/Gatineau_Karine-Villeneuve-1-150x150.png 150w\" sizes=\"auto, (max-width: 600px) 100vw, 600px\" \/><div class=\"card-content wp-block-vc-blocks-card col \"><div style=\"--overlayDimRatio:0.2\" class=\"has-secondary-background-color backgroundOverlay\"><\/div><div class=\"card-body\">\n<h3 class=\"wp-block-heading has-text-align-center fw-normal has-white-color has-text-color\" id=\"dr-mehmi-dvm\"><strong>Karine<\/strong><br>VA<\/h3>\n\n\n\n<div class=\"wp-block-group\"><div class=\"wp-block-group__inner-container is-layout-flow wp-block-group-is-layout-flow\">\n<p class=\"has-text-align-center has-white-color has-text-color has-medium-font-size\">Arriv\u00e9e au c\u0153ur de la pand\u00e9mie, Karine est rapidement devenue un atout \u00e0 notre \u00e9quipe. Aussi dou\u00e9e comme r\u00e9ceptionniste que comme assistante, elle s\u2019assure de venir en aide \u00e0 toute l\u2019\u00e9quipe.<\/p>\n\n\n\n<div class=\"wp-block-buttons is-content-justification-center is-layout-flex wp-container-core-buttons-is-layout-16018d1d wp-block-buttons-is-layout-flex\">\n<div class=\"wp-block-button is-style-outline is-style-outline--4\"><a class=\"wp-block-button__link wp-element-button\" href=\"https:\/\/gatineauvet.ca\/vc_teammember\/karine\/\" style=\"border-radius:37px\">Lire la suite<\/a><\/div>\n<\/div>\n<\/div><\/div>\n\n\n\n<p><\/p>\n<\/div><\/div><\/div><\/div>\n\n\n\n<div class=\"wp-block-vc-blocks-card col mb-5\"><div class=\"card activateOverlay\"><img loading=\"lazy\" decoding=\"async\" width=\"1081\" height=\"1081\" src=\"https:\/\/gatineauvet.ca\/wp-content\/uploads\/2022\/09\/gatineau-suprised-cat.jpg\" alt=\"\" class=\"wp-image-3695\" srcset=\"https:\/\/gatineauvet.ca\/wp-content\/uploads\/2022\/09\/gatineau-suprised-cat.jpg 1081w, https:\/\/gatineauvet.ca\/wp-content\/uploads\/2022\/09\/gatineau-suprised-cat-300x300.jpg 300w, https:\/\/gatineauvet.ca\/wp-content\/uploads\/2022\/09\/gatineau-suprised-cat-1024x1024.jpg 1024w, https:\/\/gatineauvet.ca\/wp-content\/uploads\/2022\/09\/gatineau-suprised-cat-150x150.jpg 150w, https:\/\/gatineauvet.ca\/wp-content\/uploads\/2022\/09\/gatineau-suprised-cat-768x768.jpg 768w\" sizes=\"auto, (max-width: 1081px) 100vw, 1081px\" \/><div class=\"card-content wp-block-vc-blocks-card col \"><div style=\"--overlayDimRatio:0.2\" class=\"has-secondary-background-color backgroundOverlay\"><\/div><div class=\"card-body\">\n<h3 class=\"wp-block-heading has-text-align-center fw-normal has-white-color has-text-color\" id=\"dr-mehmi-dvm\">Anna<br>Adjointe au directeur de clinique<\/h3>\n\n\n\n<div class=\"wp-block-group\"><div class=\"wp-block-group__inner-container is-layout-flow wp-block-group-is-layout-flow\">\n<p class=\"has-text-align-center has-white-color has-text-color has-medium-font-size\">Anna a autant de qualit\u00e9s qu\u2019il y a de moutons dans son troupeau. Travaillante, minutieuse, fiable et serviable, elle est le summum de l\u2019organisation.<\/p>\n\n\n\n<div class=\"wp-block-buttons is-content-justification-center is-layout-flex wp-container-core-buttons-is-layout-16018d1d wp-block-buttons-is-layout-flex\">\n<div class=\"wp-block-button is-style-outline is-style-outline--5\"><a class=\"wp-block-button__link wp-element-button\" href=\"https:\/\/gatineauvet.ca\/vc_teammember\/anna\/\" style=\"border-radius:37px\">Lire la suite<\/a><\/div>\n<\/div>\n<\/div><\/div>\n\n\n\n<p><\/p>\n<\/div><\/div><\/div><\/div>\n<\/div><\/div>\n\n\n\n<h2 class=\"wp-block-heading has-text-align-center mb-4 has-primary-color has-text-color\" id=\"our-doctors\">Notre \u00e9quipe (Wakefield)<\/h2>\n\n\n\n<div class=\"wp-block-vc-blocks-cards vc-cards vc-cards--center mb-6 with-hover\"><div class=\"row row-cols-1 row-cols-md-2 row-cols-lg-3\">\n<div class=\"wp-block-vc-blocks-card col mb-5\"><div class=\"card activateOverlay\"><img loading=\"lazy\" decoding=\"async\" width=\"600\" height=\"600\" src=\"https:\/\/gatineauvet.ca\/wp-content\/uploads\/2025\/09\/Wakefield_Michelle-Nutbey-1.png\" alt=\"\" class=\"wp-image-4130\" srcset=\"https:\/\/gatineauvet.ca\/wp-content\/uploads\/2025\/09\/Wakefield_Michelle-Nutbey-1.png 600w, https:\/\/gatineauvet.ca\/wp-content\/uploads\/2025\/09\/Wakefield_Michelle-Nutbey-1-300x300.png 300w, https:\/\/gatineauvet.ca\/wp-content\/uploads\/2025\/09\/Wakefield_Michelle-Nutbey-1-150x150.png 150w\" sizes=\"auto, (max-width: 600px) 100vw, 600px\" \/><div class=\"card-content wp-block-vc-blocks-card col \"><div style=\"--overlayDimRatio:0.2\" class=\"has-secondary-background-color backgroundOverlay\"><\/div><div class=\"card-body\">\n<h3 class=\"wp-block-heading has-text-align-center fw-normal has-white-color has-text-color\" id=\"dr-mehmi-dvm\">Michelle<br>Auxiliaire en soins animaliers<\/h3>\n\n\n\n<div class=\"wp-block-group\"><div class=\"wp-block-group__inner-container is-layout-flow wp-block-group-is-layout-flow\">\n<p class=\"has-text-align-center has-white-color has-text-color has-medium-font-size\">Depuis son arriv\u00e9e \u00e0 la clinique en 1998, Michelle est devenue une pi\u00e8ce vitale \u00e0 la clinique. Ayant toujours \u00e9t\u00e9 proche de sa communaut\u00e9, elle a la chance de lui venir en aide sur une base r\u00e9guli\u00e8re.<\/p>\n\n\n\n<div class=\"wp-block-buttons is-content-justification-center is-layout-flex wp-container-core-buttons-is-layout-16018d1d wp-block-buttons-is-layout-flex\">\n<div class=\"wp-block-button is-style-outline is-style-outline--6\"><a class=\"wp-block-button__link wp-element-button\" href=\"https:\/\/gatineauvet.ca\/vc_teammember\/michelle\/\" style=\"border-radius:37px\">Lire la suite<\/a><\/div>\n<\/div>\n<\/div><\/div>\n\n\n\n<p><\/p>\n<\/div><\/div><\/div><\/div>\n\n\n\n<div class=\"wp-block-vc-blocks-card col mb-5\"><div class=\"card activateOverlay\"><img loading=\"lazy\" decoding=\"async\" width=\"600\" height=\"600\" src=\"https:\/\/gatineauvet.ca\/wp-content\/uploads\/2025\/09\/Wakefield_Sam-Murdoch-1.png\" alt=\"\" class=\"wp-image-4124\" srcset=\"https:\/\/gatineauvet.ca\/wp-content\/uploads\/2025\/09\/Wakefield_Sam-Murdoch-1.png 600w, https:\/\/gatineauvet.ca\/wp-content\/uploads\/2025\/09\/Wakefield_Sam-Murdoch-1-300x300.png 300w, https:\/\/gatineauvet.ca\/wp-content\/uploads\/2025\/09\/Wakefield_Sam-Murdoch-1-150x150.png 150w\" sizes=\"auto, (max-width: 600px) 100vw, 600px\" \/><div class=\"card-content wp-block-vc-blocks-card col \"><div style=\"--overlayDimRatio:0.2\" class=\"has-secondary-background-color backgroundOverlay\"><\/div><div class=\"card-body\">\n<h3 class=\"wp-block-heading has-text-align-center fw-normal has-white-color has-text-color\" id=\"dr-mehmi-dvm\">Sam<br>CCR<\/h3>\n\n\n\n<div class=\"wp-block-group\"><div class=\"wp-block-group__inner-container is-layout-flow wp-block-group-is-layout-flow\">\n<p class=\"has-text-align-center has-white-color has-text-color has-medium-font-size\">Samanta est une fille d\u2019ici qui travaille pour les gens d\u2019ici. Ayant grandi, entour\u00e9 d\u2019animaux, travailler avec nos compagnons \u00e0 quatre pattes allait de soi. Sa bonne humeur est contagieuse.<\/p>\n\n\n\n<div class=\"wp-block-buttons is-content-justification-center is-layout-flex wp-container-core-buttons-is-layout-16018d1d wp-block-buttons-is-layout-flex\">\n<div class=\"wp-block-button is-style-outline is-style-outline--7\"><a class=\"wp-block-button__link wp-element-button\" href=\"https:\/\/gatineauvet.ca\/vc_teammember\/sam\/\" style=\"border-radius:37px\">Lire la suite<\/a><\/div>\n<\/div>\n<\/div><\/div>\n\n\n\n<p><\/p>\n<\/div><\/div><\/div><\/div>\n\n\n\n<div class=\"wp-block-vc-blocks-card col mb-5\"><div class=\"card activateOverlay\"><img loading=\"lazy\" decoding=\"async\" width=\"1081\" height=\"1080\" src=\"https:\/\/gatineauvet.ca\/wp-content\/uploads\/2022\/09\/gatineau-dog-on-bridge.jpg\" alt=\"\" class=\"wp-image-3681\" srcset=\"https:\/\/gatineauvet.ca\/wp-content\/uploads\/2022\/09\/gatineau-dog-on-bridge.jpg 1081w, https:\/\/gatineauvet.ca\/wp-content\/uploads\/2022\/09\/gatineau-dog-on-bridge-300x300.jpg 300w, https:\/\/gatineauvet.ca\/wp-content\/uploads\/2022\/09\/gatineau-dog-on-bridge-1024x1024.jpg 1024w, https:\/\/gatineauvet.ca\/wp-content\/uploads\/2022\/09\/gatineau-dog-on-bridge-150x150.jpg 150w, https:\/\/gatineauvet.ca\/wp-content\/uploads\/2022\/09\/gatineau-dog-on-bridge-768x767.jpg 768w\" sizes=\"auto, (max-width: 1081px) 100vw, 1081px\" \/><div class=\"card-content wp-block-vc-blocks-card col \"><div style=\"--overlayDimRatio:0.2\" class=\"has-secondary-background-color backgroundOverlay\"><\/div><div class=\"card-body\">\n<h3 class=\"wp-block-heading has-text-align-center fw-normal has-white-color has-text-color\" id=\"dr-mehmi-dvm\">Annie<br>RVT<\/h3>\n\n\n\n<div class=\"wp-block-group\"><div class=\"wp-block-group__inner-container is-layout-flow wp-block-group-is-layout-flow\">\n<p class=\"has-text-align-center has-white-color has-text-color has-medium-font-size\">Arriv\u00e9e en 2021, Annie est la fille en feu de la clinique. Toujours pr\u00eate \u00e0 foncer, on la conna\u00eet pour son sang froid et sa ma\u00eetrise du domaine. Annie, technicienne agr\u00e9\u00e9e depuis 2003, est toujours pr\u00eate \u00e0 partager les connaissances qu&rsquo;elle a acquises.<\/p>\n\n\n\n<div class=\"wp-block-buttons is-content-justification-center is-layout-flex wp-container-core-buttons-is-layout-16018d1d wp-block-buttons-is-layout-flex\">\n<div class=\"wp-block-button is-style-outline is-style-outline--8\"><a class=\"wp-block-button__link wp-element-button\" href=\"https:\/\/gatineauvet.ca\/vc_teammember\/annie\/\" style=\"border-radius:37px\">Lire la suite<\/a><\/div>\n<\/div>\n<\/div><\/div>\n\n\n\n<p><\/p>\n<\/div><\/div><\/div><\/div>\n<\/div><\/div>\n\n\n\n<div class=\"alignfull cta has-tertiary-background-color has-white-color\"><div class=\"container\"><div class=\"cta__content\"><h2 class=\"has-white-color\">Have a question about our services?<\/h2>\n<div class=\"wp-block-button is-style-outline is-style-outline--9\"><a class=\"wp-block-button__link has-white-color has-text-color wp-element-button\" href=\"https:\/\/gatineauvet.ca\/fr\/contact\/\">Nous contacter<\/a><\/div>\n<\/div><\/div><\/div>\n","protected":false},"excerpt":{"rendered":"<p>Nos m\u00e9decins Notre \u00e9quipe (Chelsea) Notre \u00e9quipe (Wakefield)<\/p>\n","protected":false},"author":3,"featured_media":0,"parent":0,"menu_order":0,"comment_status":"closed","ping_status":"closed","template":"","meta":{"_acf_changed":false,"inline_featured_image":false,"footnotes":""},"class_list":["post-3741","page","type-page","status-publish","hentry"],"acf":[],"_links":{"self":[{"href":"https:\/\/gatineauvet.ca\/fr\/wp-json\/wp\/v2\/pages\/3741","targetHints":{"allow":["GET"]}}],"collection":[{"href":"https:\/\/gatineauvet.ca\/fr\/wp-json\/wp\/v2\/pages"}],"about":[{"href":"https:\/\/gatineauvet.ca\/fr\/wp-json\/wp\/v2\/types\/page"}],"author":[{"embeddable":true,"href":"https:\/\/gatineauvet.ca\/fr\/wp-json\/wp\/v2\/users\/3"}],"replies":[{"embeddable":true,"href":"https:\/\/gatineauvet.ca\/fr\/wp-json\/wp\/v2\/comments?post=3741"}],"version-history":[{"count":10,"href":"https:\/\/gatineauvet.ca\/fr\/wp-json\/wp\/v2\/pages\/3741\/revisions"}],"predecessor-version":[{"id":4168,"href":"https:\/\/gatineauvet.ca\/fr\/wp-json\/wp\/v2\/pages\/3741\/revisions\/4168"}],"wp:attachment":[{"href":"https:\/\/gatineauvet.ca\/fr\/wp-json\/wp\/v2\/media?parent=3741"}],"curies":[{"name":"wp","href":"https:\/\/api.w.org\/{rel}","templated":true}]}}