{"id":3742,"date":"2022-03-03T01:01:37","date_gmt":"2022-03-03T01:01:37","guid":{"rendered":"https:\/\/gatineauvet.ca\/ressources-veterinaires\/"},"modified":"2023-04-17T16:09:51","modified_gmt":"2023-04-17T16:09:51","slug":"ressources-veterinaires","status":"publish","type":"page","link":"https:\/\/gatineauvet.ca\/fr\/ressources-veterinaires\/","title":{"rendered":"Ressources v\u00e9t\u00e9rinaires"},"content":{"rendered":"\n<div class=\"wp-block-cover alignfull page-header mb-5\"><span aria-hidden=\"true\" class=\"wp-block-cover__background has-tertiary-background-color has-background-dim-80 has-background-dim\"><\/span><img decoding=\"async\" class=\"wp-block-cover__image-background wp-image-1434\" alt=\"\" src=\"https:\/\/gatineauvet.ca\/wp-content\/uploads\/2022\/02\/colourful-cats-with-masks-covid-protocols.svg\" data-object-fit=\"cover\"\/><div class=\"wp-block-cover__inner-container is-layout-flow wp-block-cover-is-layout-flow\">\n<h1 class=\"wp-block-heading\" id=\"covid-19-updates\">Liens vers des ressources<\/h1>\n<\/div><\/div>\n\n<h2 class=\"wp-block-heading has-tertiary-color has-text-color\" id=\"updated-practice-procedures\">Ressources v\u00e9t\u00e9rinaires de confiance<\/h2>\n\n<p style=\"font-size:18px\">La Clinique v\u00e9t\u00e9rinaire des collines de la Gatineau est consciente de la grande quantit\u00e9 d&rsquo;informations disponibles sur Internet. Notre \u00e9quipe a pris le temps d&rsquo;\u00e9valuer les sites suivants. Nous avons confiance dans les informations que les sites web r\u00e9pertori\u00e9s vous fournissent \u00e0 vous, notre client et membre de notre famille.<\/p>\n\n<ul class=\"wp-block-list\" style=\"font-size:18px\">\n<li>Informations sur l&rsquo;agilit\u00e9\n<ul class=\"wp-block-list\">\n<li class=\"mb-2\"><a href=\"http:\/\/www.cleanrun.com\" target=\"_blank\" rel=\"noreferrer noopener\">www.cleanrun.com<\/a><br\/><\/li>\n<\/ul>\n<\/li>\n\n\n\n<li class=\"mb-2\">Association am\u00e9ricaine des h\u00f4pitaux pour animaux\n<ul class=\"wp-block-list\">\n<li><a href=\"https:\/\/www.aaha.org\/\" target=\"_blank\" rel=\"noreferrer noopener\">www.aaha.org<\/a><br\/><\/li>\n<\/ul>\n<\/li>\n\n\n\n<li class=\"mb-2\">American Board of Veterinary Practitioners (Conseil am\u00e9ricain des v\u00e9t\u00e9rinaires)\n<ul class=\"wp-block-list\">\n<li><a href=\"https:\/\/www.abvp.com\/\" target=\"_blank\" rel=\"noreferrer noopener\">www.abvp.com<\/a><br\/><\/li>\n<\/ul>\n<\/li>\n\n\n\n<li class=\"mb-2\">Coll\u00e8ge am\u00e9ricain de m\u00e9decine interne v\u00e9t\u00e9rinaire\n<ul class=\"wp-block-list\">\n<li><a href=\"https:\/\/www.acvim.org\/\" target=\"_blank\" rel=\"noreferrer noopener\">www.acvim.org<\/a><br\/><\/li>\n<\/ul>\n<\/li>\n\n\n\n<li class=\"mb-2\">Club canin am\u00e9ricain\n<ul class=\"wp-block-list\">\n<li><a href=\"https:\/\/www.akc.org\/\" target=\"_blank\" rel=\"noreferrer noopener\">www.akc.org<\/a><br\/><\/li>\n<\/ul>\n<\/li>\n\n\n\n<li class=\"mb-2\">Association am\u00e9ricaine des m\u00e9decins v\u00e9t\u00e9rinaires\n<ul class=\"wp-block-list\">\n<li><a href=\"https:\/\/www.avma.org\/\" target=\"_blank\" rel=\"noreferrer noopener\">www.avma.org<\/a><br\/><\/li>\n<\/ul>\n<\/li>\n\n\n\n<li class=\"mb-2\">Association des coll\u00e8ges am\u00e9ricains de m\u00e9decine v\u00e9t\u00e9rinaire\n<ul class=\"wp-block-list\">\n<li><a href=\"https:\/\/www.aavmc.org\/\" target=\"_blank\" rel=\"noreferrer noopener\">www.aavmc.org<\/a><br\/><\/li>\n<\/ul>\n<\/li>\n\n\n\n<li class=\"mb-2\">Club canin canadien\n<ul class=\"wp-block-list\">\n<li><a href=\"https:\/\/www.ckc.ca\/\" target=\"_blank\" rel=\"noreferrer noopener\">www.ckc.ca<\/a><br\/><\/li>\n<\/ul>\n<\/li>\n\n\n\n<li class=\"mb-2\">Centre de m\u00e9decine v\u00e9t\u00e9rinaire &#8211; Administration am\u00e9ricaine des denr\u00e9es alimentaires et des m\u00e9dicaments (Food and Drug Administration)\n<ul class=\"wp-block-list\">\n<li><a href=\"https:\/\/www.fda.gov\/about-fda\/fda-organization\/center-veterinary-medicine\" target=\"_blank\" rel=\"noreferrer noopener\">www.fda.gov<\/a><br\/><\/li>\n<\/ul>\n<\/li>\n\n\n\n<li class=\"mb-2\">Coll\u00e8ge des v\u00e9t\u00e9rinaires de la Colombie-Britannique\n<ul class=\"wp-block-list\">\n<li><a href=\"https:\/\/www.cvbc.ca\/\" target=\"_blank\" rel=\"noreferrer noopener\">https:\/\/www.cvbc.ca<\/a><br\/><\/li>\n<\/ul>\n<\/li>\n\n\n\n<li class=\"mb-2\">Soins dentaires pour animaux\n<ul class=\"wp-block-list\">\n<li><a href=\"https:\/\/www.hillspet.ca\/en-ca\" target=\"_blank\" rel=\"noreferrer noopener\">https:\/\/www.hillspet.ca\/en-ca<\/a><br\/><\/li>\n<\/ul>\n<\/li>\n\n\n\n<li class=\"mb-2\">La Soci\u00e9t\u00e9 de la Colombie-Britannique pour la pr\u00e9vention de la cruaut\u00e9 envers les animaux (British Columbia Society for the Prevention of Cruelty to Animals)\n<ul class=\"wp-block-list\">\n<li><a href=\"https:\/\/spca.bc.ca\/\" target=\"_blank\" rel=\"noreferrer noopener\">www.spca.bc.ca<\/a><br\/><\/li>\n<\/ul>\n<\/li>\n\n\n\n<li class=\"mb-2\">Conseil de la sant\u00e9 bucco-dentaire v\u00e9t\u00e9rinaire\n<ul class=\"wp-block-list\">\n<li><a rel=\"noreferrer noopener\" href=\"https:\/\/www.vohc.org\/\" target=\"_blank\">www.vohc.org<\/a><\/li>\n<\/ul>\n<\/li>\n<\/ul>\n","protected":false},"excerpt":{"rendered":"<p>Ressources v\u00e9t\u00e9rinaires de confiance La Clinique v\u00e9t\u00e9rinaire des collines de la Gatineau est consciente de la grande quantit\u00e9 d&rsquo;informations disponibles sur Internet. Notre \u00e9quipe a pris le temps d&rsquo;\u00e9valuer les sites suivants. Nous avons confiance dans les informations que les sites web r\u00e9pertori\u00e9s vous fournissent \u00e0 vous, notre client et membre de notre famille.<\/p>\n","protected":false},"author":3,"featured_media":0,"parent":0,"menu_order":0,"comment_status":"closed","ping_status":"closed","template":"","meta":{"_acf_changed":false,"inline_featured_image":false,"footnotes":""},"class_list":["post-3742","page","type-page","status-publish","hentry"],"acf":[],"_links":{"self":[{"href":"https:\/\/gatineauvet.ca\/fr\/wp-json\/wp\/v2\/pages\/3742","targetHints":{"allow":["GET"]}}],"collection":[{"href":"https:\/\/gatineauvet.ca\/fr\/wp-json\/wp\/v2\/pages"}],"about":[{"href":"https:\/\/gatineauvet.ca\/fr\/wp-json\/wp\/v2\/types\/page"}],"author":[{"embeddable":true,"href":"https:\/\/gatineauvet.ca\/fr\/wp-json\/wp\/v2\/users\/3"}],"replies":[{"embeddable":true,"href":"https:\/\/gatineauvet.ca\/fr\/wp-json\/wp\/v2\/comments?post=3742"}],"version-history":[{"count":5,"href":"https:\/\/gatineauvet.ca\/fr\/wp-json\/wp\/v2\/pages\/3742\/revisions"}],"predecessor-version":[{"id":3937,"href":"https:\/\/gatineauvet.ca\/fr\/wp-json\/wp\/v2\/pages\/3742\/revisions\/3937"}],"wp:attachment":[{"href":"https:\/\/gatineauvet.ca\/fr\/wp-json\/wp\/v2\/media?parent=3742"}],"curies":[{"name":"wp","href":"https:\/\/api.w.org\/{rel}","templated":true}]}}